{"id":274,"date":"2018-11-26T12:45:57","date_gmt":"2018-11-26T12:45:57","guid":{"rendered":"https:\/\/thealtstudio.com\/about-2\/"},"modified":"2024-08-20T17:50:52","modified_gmt":"2024-08-20T14:50:52","slug":"about","status":"publish","type":"page","link":"https:\/\/www.altstudio.com.tr\/tr\/about\/","title":{"rendered":"K\u00fcnye"},"content":{"rendered":"<div data-elementor-type=\"wp-post\" data-elementor-id=\"274\" class=\"elementor elementor-274\" data-elementor-settings=\"{&quot;ha_cmc_init_switcher&quot;:&quot;no&quot;}\">\n\t\t\t\t\t\t<section class=\"elementor-section elementor-top-section elementor-element elementor-element-303906c elementor-section-full_width elementor-section-height-min-height elementor-section-content-middle elementor-section-stretched elementor-section-height-default elementor-section-items-middle\" data-id=\"303906c\" data-element_type=\"section\" data-e-type=\"section\" data-settings=\"{&quot;stretch_section&quot;:&quot;section-stretched&quot;,&quot;_ha_eqh_enable&quot;:false}\">\n\t\t\t\t\t\t\t<div class=\"elementor-background-overlay\"><\/div>\n\t\t\t\t\t\t\t<div class=\"elementor-container elementor-column-gap-no\">\n\t\t\t\t\t<div class=\"elementor-column elementor-col-100 elementor-top-column elementor-element elementor-element-d067b90\" data-id=\"d067b90\" data-element_type=\"column\" data-e-type=\"column\">\n\t\t\t<div class=\"elementor-widget-wrap elementor-element-populated\">\n\t\t\t\t\t\t<div class=\"elementor-element elementor-element-b08a448 elementor-widget elementor-widget-heading\" data-id=\"b08a448\" data-element_type=\"widget\" data-e-type=\"widget\" data-widget_type=\"heading.default\">\n\t\t\t\t<div class=\"elementor-widget-container\">\n\t\t\t\t\t<h2 class=\"elementor-heading-title elementor-size-default\">Altstudio kimdir?<\/h2>\t\t\t\t<\/div>\n\t\t\t\t<\/div>\n\t\t\t\t<div class=\"elementor-element elementor-element-a2dcc47 elementor-widget elementor-widget-text-editor\" data-id=\"a2dcc47\" data-element_type=\"widget\" data-e-type=\"widget\" data-widget_type=\"text-editor.default\">\n\t\t\t\t<div class=\"elementor-widget-container\">\n\t\t\t\t\t\t\t\t\t<p class=\"translation-block\">Biz Altstudio\u2019yuz. Mimarl\u0131k, i\u00e7 mimarl\u0131k, peyzaj mimarl\u0131\u011f\u0131 ve grafik tasar\u0131m alanlar\u0131nda d\u00fc\u015f\u00fcnen, tart\u0131\u015fan ve en \u00f6nemlisi s\u00fcrekli \u00fcreten multidisipliner bir tasar\u0131m st\u00fcdyosuyuz. D\u00fcnya alg\u0131s\u0131n\u0131 de\u011fi\u015ftirme, zaman\u0131n ak\u0131\u015f\u0131n\u0131 kucaklama ve zihnin parlakl\u0131\u011f\u0131n\u0131 ifade etmede tasar\u0131m\u0131n ve mimarl\u0131\u011f\u0131n g\u00fcc\u00fcne inan\u0131yoruz.<\/p>\t\t\t\t\t\t\t\t<\/div>\n\t\t\t\t<\/div>\n\t\t\t\t\t<\/div>\n\t\t<\/div>\n\t\t\t\t\t<\/div>\n\t\t<\/section>\n\t\t\t\t<\/div>","protected":false},"excerpt":{"rendered":"<p>Who are we? We are Altstudio. We are a multidisciplinary design studio that thinks, discusses, creates in fields of architecture, interior\u00a0design, landscape architecture and graphic design.\u00a0We\u00a0believe the power of design to change the perception of the world, to embrace the flow of time to express brilliance of the mind.<\/p>","protected":false},"author":1,"featured_media":0,"parent":0,"menu_order":0,"comment_status":"closed","ping_status":"closed","template":"","meta":{"site-sidebar-layout":"no-sidebar","site-content-layout":"page-builder","ast-site-content-layout":"full-width-container","site-content-style":"unboxed","site-sidebar-style":"unboxed","ast-global-header-display":"","ast-banner-title-visibility":"","ast-main-header-display":"","ast-hfb-above-header-display":"","ast-hfb-below-header-display":"","ast-hfb-mobile-header-display":"","site-post-title":"disabled","ast-breadcrumbs-content":"","ast-featured-img":"disabled","footer-sml-layout":"","ast-disable-related-posts":"","theme-transparent-header-meta":"enabled","adv-header-id-meta":"","stick-header-meta":"","header-above-stick-meta":"","header-main-stick-meta":"","header-below-stick-meta":"","astra-migrate-meta-layouts":"set","ast-page-background-enabled":"default","ast-page-background-meta":{"desktop":{"background-color":"","background-image":"","background-repeat":"repeat","background-position":"center center","background-size":"auto","background-attachment":"scroll","background-type":"","background-media":"","overlay-type":"","overlay-color":"","overlay-opacity":"","overlay-gradient":""},"tablet":{"background-color":"","background-image":"","background-repeat":"repeat","background-position":"center center","background-size":"auto","background-attachment":"scroll","background-type":"","background-media":"","overlay-type":"","overlay-color":"","overlay-opacity":"","overlay-gradient":""},"mobile":{"background-color":"","background-image":"","background-repeat":"repeat","background-position":"center center","background-size":"auto","background-attachment":"scroll","background-type":"","background-media":"","overlay-type":"","overlay-color":"","overlay-opacity":"","overlay-gradient":""}},"ast-content-background-meta":{"desktop":{"background-color":"var(--ast-global-color-5)","background-image":"","background-repeat":"repeat","background-position":"center center","background-size":"auto","background-attachment":"scroll","background-type":"","background-media":"","overlay-type":"","overlay-color":"","overlay-opacity":"","overlay-gradient":""},"tablet":{"background-color":"var(--ast-global-color-5)","background-image":"","background-repeat":"repeat","background-position":"center center","background-size":"auto","background-attachment":"scroll","background-type":"","background-media":"","overlay-type":"","overlay-color":"","overlay-opacity":"","overlay-gradient":""},"mobile":{"background-color":"var(--ast-global-color-5)","background-image":"","background-repeat":"repeat","background-position":"center center","background-size":"auto","background-attachment":"scroll","background-type":"","background-media":"","overlay-type":"","overlay-color":"","overlay-opacity":"","overlay-gradient":""}},"footnotes":""},"class_list":["post-274","page","type-page","status-publish","hentry"],"yoast_head":"<!-- This site is optimized with the Yoast SEO plugin v27.3 - https:\/\/yoast.com\/product\/yoast-seo-wordpress\/ -->\n<title>About - Altstudio<\/title>\n<meta name=\"description\" content=\"We are Altstudio. We are a multidisciplinary design studio that thinks, discusses, creates in fields of architecture\" \/>\n<meta name=\"robots\" content=\"index, follow, max-snippet:-1, max-image-preview:large, max-video-preview:-1\" \/>\n<link rel=\"canonical\" href=\"https:\/\/www.altstudio.com.tr\/tr\/about\/\" \/>\n<meta property=\"og:locale\" content=\"tr_TR\" \/>\n<meta property=\"og:type\" content=\"article\" \/>\n<meta property=\"og:title\" content=\"About - Altstudio\" \/>\n<meta property=\"og:description\" content=\"We are Altstudio. We are a multidisciplinary design studio that thinks, discusses, creates in fields of architecture\" \/>\n<meta property=\"og:url\" content=\"https:\/\/www.altstudio.com.tr\/tr\/about\/\" \/>\n<meta property=\"og:site_name\" content=\"Altstudio\" \/>\n<meta property=\"article:modified_time\" content=\"2024-08-20T14:50:52+00:00\" \/>\n<meta name=\"twitter:card\" content=\"summary_large_image\" \/>\n<meta name=\"twitter:label1\" content=\"Tahmini okuma s\u00fcresi\" \/>\n\t<meta name=\"twitter:data1\" content=\"1 dakika\" \/>\n<script type=\"application\/ld+json\" class=\"yoast-schema-graph\">{\"@context\":\"https:\\\/\\\/schema.org\",\"@graph\":[{\"@type\":\"WebPage\",\"@id\":\"https:\\\/\\\/www.altstudio.com.tr\\\/about\\\/\",\"url\":\"https:\\\/\\\/www.altstudio.com.tr\\\/about\\\/\",\"name\":\"About - Altstudio\",\"isPartOf\":{\"@id\":\"https:\\\/\\\/www.altstudio.com.tr\\\/#website\"},\"datePublished\":\"2018-11-26T12:45:57+00:00\",\"dateModified\":\"2024-08-20T14:50:52+00:00\",\"description\":\"We are Altstudio. We are a multidisciplinary design studio that thinks, discusses, creates in fields of architecture\",\"breadcrumb\":{\"@id\":\"https:\\\/\\\/www.altstudio.com.tr\\\/about\\\/#breadcrumb\"},\"inLanguage\":\"tr\",\"potentialAction\":[{\"@type\":\"ReadAction\",\"target\":[\"https:\\\/\\\/www.altstudio.com.tr\\\/about\\\/\"]}]},{\"@type\":\"BreadcrumbList\",\"@id\":\"https:\\\/\\\/www.altstudio.com.tr\\\/about\\\/#breadcrumb\",\"itemListElement\":[{\"@type\":\"ListItem\",\"position\":1,\"name\":\"Home\",\"item\":\"https:\\\/\\\/www.altstudio.com.tr\\\/\"},{\"@type\":\"ListItem\",\"position\":2,\"name\":\"About\"}]},{\"@type\":\"WebSite\",\"@id\":\"https:\\\/\\\/www.altstudio.com.tr\\\/#website\",\"url\":\"https:\\\/\\\/www.altstudio.com.tr\\\/\",\"name\":\"Altstudio\",\"description\":\"works.thinks.creates.architecture\",\"publisher\":{\"@id\":\"https:\\\/\\\/www.altstudio.com.tr\\\/#organization\"},\"potentialAction\":[{\"@type\":\"SearchAction\",\"target\":{\"@type\":\"EntryPoint\",\"urlTemplate\":\"https:\\\/\\\/www.altstudio.com.tr\\\/?s={search_term_string}\"},\"query-input\":{\"@type\":\"PropertyValueSpecification\",\"valueRequired\":true,\"valueName\":\"search_term_string\"}}],\"inLanguage\":\"tr\"},{\"@type\":\"Organization\",\"@id\":\"https:\\\/\\\/www.altstudio.com.tr\\\/#organization\",\"name\":\"Alt studio\",\"url\":\"https:\\\/\\\/www.altstudio.com.tr\\\/\",\"logo\":{\"@type\":\"ImageObject\",\"inLanguage\":\"tr\",\"@id\":\"https:\\\/\\\/www.altstudio.com.tr\\\/#\\\/schema\\\/logo\\\/image\\\/\",\"url\":\"https:\\\/\\\/www.altstudio.com.tr\\\/wp-content\\\/uploads\\\/2024\\\/04\\\/LOGO.jpg\",\"contentUrl\":\"https:\\\/\\\/www.altstudio.com.tr\\\/wp-content\\\/uploads\\\/2024\\\/04\\\/LOGO.jpg\",\"width\":1330,\"height\":384,\"caption\":\"Alt studio\"},\"image\":{\"@id\":\"https:\\\/\\\/www.altstudio.com.tr\\\/#\\\/schema\\\/logo\\\/image\\\/\"},\"sameAs\":[\"https:\\\/\\\/www.instagram.com\\\/thealtstudio\\\/\"]}]}<\/script>\n<!-- \/ Yoast SEO plugin. -->","yoast_head_json":{"title":"About - Altstudio","description":"We are Altstudio. We are a multidisciplinary design studio that thinks, discusses, creates in fields of architecture","robots":{"index":"index","follow":"follow","max-snippet":"max-snippet:-1","max-image-preview":"max-image-preview:large","max-video-preview":"max-video-preview:-1"},"canonical":"https:\/\/www.altstudio.com.tr\/tr\/about\/","og_locale":"tr_TR","og_type":"article","og_title":"About - Altstudio","og_description":"We are Altstudio. We are a multidisciplinary design studio that thinks, discusses, creates in fields of architecture","og_url":"https:\/\/www.altstudio.com.tr\/tr\/about\/","og_site_name":"Altstudio","article_modified_time":"2024-08-20T14:50:52+00:00","twitter_card":"summary_large_image","twitter_misc":{"Tahmini okuma s\u00fcresi":"1 dakika"},"schema":{"@context":"https:\/\/schema.org","@graph":[{"@type":"WebPage","@id":"https:\/\/www.altstudio.com.tr\/about\/","url":"https:\/\/www.altstudio.com.tr\/about\/","name":"About - Altstudio","isPartOf":{"@id":"https:\/\/www.altstudio.com.tr\/#website"},"datePublished":"2018-11-26T12:45:57+00:00","dateModified":"2024-08-20T14:50:52+00:00","description":"We are Altstudio. We are a multidisciplinary design studio that thinks, discusses, creates in fields of architecture","breadcrumb":{"@id":"https:\/\/www.altstudio.com.tr\/about\/#breadcrumb"},"inLanguage":"tr","potentialAction":[{"@type":"ReadAction","target":["https:\/\/www.altstudio.com.tr\/about\/"]}]},{"@type":"BreadcrumbList","@id":"https:\/\/www.altstudio.com.tr\/about\/#breadcrumb","itemListElement":[{"@type":"ListItem","position":1,"name":"Home","item":"https:\/\/www.altstudio.com.tr\/"},{"@type":"ListItem","position":2,"name":"About"}]},{"@type":"WebSite","@id":"https:\/\/www.altstudio.com.tr\/#website","url":"https:\/\/www.altstudio.com.tr\/","name":"Altstudio","description":"works.thinks.creates.architecture","publisher":{"@id":"https:\/\/www.altstudio.com.tr\/#organization"},"potentialAction":[{"@type":"SearchAction","target":{"@type":"EntryPoint","urlTemplate":"https:\/\/www.altstudio.com.tr\/?s={search_term_string}"},"query-input":{"@type":"PropertyValueSpecification","valueRequired":true,"valueName":"search_term_string"}}],"inLanguage":"tr"},{"@type":"Organization","@id":"https:\/\/www.altstudio.com.tr\/#organization","name":"Alt studio","url":"https:\/\/www.altstudio.com.tr\/","logo":{"@type":"ImageObject","inLanguage":"tr","@id":"https:\/\/www.altstudio.com.tr\/#\/schema\/logo\/image\/","url":"https:\/\/www.altstudio.com.tr\/wp-content\/uploads\/2024\/04\/LOGO.jpg","contentUrl":"https:\/\/www.altstudio.com.tr\/wp-content\/uploads\/2024\/04\/LOGO.jpg","width":1330,"height":384,"caption":"Alt studio"},"image":{"@id":"https:\/\/www.altstudio.com.tr\/#\/schema\/logo\/image\/"},"sameAs":["https:\/\/www.instagram.com\/thealtstudio\/"]}]}},"_links":{"self":[{"href":"https:\/\/www.altstudio.com.tr\/tr\/wp-json\/wp\/v2\/pages\/274","targetHints":{"allow":["GET"]}}],"collection":[{"href":"https:\/\/www.altstudio.com.tr\/tr\/wp-json\/wp\/v2\/pages"}],"about":[{"href":"https:\/\/www.altstudio.com.tr\/tr\/wp-json\/wp\/v2\/types\/page"}],"author":[{"embeddable":true,"href":"https:\/\/www.altstudio.com.tr\/tr\/wp-json\/wp\/v2\/users\/1"}],"replies":[{"embeddable":true,"href":"https:\/\/www.altstudio.com.tr\/tr\/wp-json\/wp\/v2\/comments?post=274"}],"version-history":[{"count":77,"href":"https:\/\/www.altstudio.com.tr\/tr\/wp-json\/wp\/v2\/pages\/274\/revisions"}],"predecessor-version":[{"id":7936,"href":"https:\/\/www.altstudio.com.tr\/tr\/wp-json\/wp\/v2\/pages\/274\/revisions\/7936"}],"wp:attachment":[{"href":"https:\/\/www.altstudio.com.tr\/tr\/wp-json\/wp\/v2\/media?parent=274"}],"curies":[{"name":"wp","href":"https:\/\/api.w.org\/{rel}","templated":true}]}}