{"id":7127,"date":"2024-04-14T16:46:37","date_gmt":"2024-04-14T13:46:37","guid":{"rendered":"https:\/\/www.altstudio.com.tr\/?page_id=7127"},"modified":"2024-09-18T14:17:26","modified_gmt":"2024-09-18T11:17:26","slug":"baykar-cami","status":"publish","type":"page","link":"https:\/\/www.altstudio.com.tr\/tr\/baykar-cami\/","title":{"rendered":"Baykar Cami"},"content":{"rendered":"<div data-elementor-type=\"wp-post\" data-elementor-id=\"7127\" class=\"elementor elementor-7127\" data-elementor-settings=\"{&quot;ha_cmc_init_switcher&quot;:&quot;no&quot;}\">\n\t\t\t\t\t\t<section class=\"elementor-section elementor-top-section elementor-element elementor-element-bf93b72 elementor-section-full_width elementor-section-height-default elementor-section-height-default\" data-id=\"bf93b72\" data-element_type=\"section\" data-e-type=\"section\" data-settings=\"{&quot;_ha_eqh_enable&quot;:false}\">\n\t\t\t\t\t\t<div class=\"elementor-container elementor-column-gap-default\">\n\t\t\t\t\t<div class=\"elementor-column elementor-col-50 elementor-top-column elementor-element elementor-element-8f8d21c\" data-id=\"8f8d21c\" data-element_type=\"column\" data-e-type=\"column\">\n\t\t\t<div class=\"elementor-widget-wrap elementor-element-populated\">\n\t\t\t\t\t\t<div class=\"elementor-element elementor-element-89ef751 elementor-widget elementor-widget-image-box\" data-id=\"89ef751\" data-element_type=\"widget\" data-e-type=\"widget\" data-widget_type=\"image-box.default\">\n\t\t\t\t<div class=\"elementor-widget-container\">\n\t\t\t\t\t<div class=\"elementor-image-box-wrapper\"><div class=\"elementor-image-box-content\"><h3 class=\"elementor-image-box-title\">Baykar Cami<\/h3><p class=\"elementor-image-box-description\">Lojman - 3 parseline kom\u015fu olan cami projesi, tasar\u0131m dili olarak lojman bloklar\u0131 ile tutarl\u0131, \u00e7a\u011fda\u015f ve ak\u0131c\u0131 bir dini tesis tasarlama ihtiyac\u0131 ile \u015fekillenir. Yakla\u015f\u0131m olarak dini ve milli mimari tasar\u0131m \u00e7izgileri hem formda hem malzemede takip edilirken, dini tesis dendi\u011finde ilk akla gelen yakla\u015f\u0131mlardan uzakla\u015farak kullan\u0131c\u0131lar\u0131 mimari bile\u015fenleri ve bu bile\u015fenlerin anlamlar\u0131 konusunda de\u011ferlendirme yapmaya s\u00fcr\u00fckler.<\/p><\/div><\/div>\t\t\t\t<\/div>\n\t\t\t\t<\/div>\n\t\t\t\t\t<\/div>\n\t\t<\/div>\n\t\t\t\t<div class=\"elementor-column elementor-col-50 elementor-top-column elementor-element elementor-element-0da9ffe\" data-id=\"0da9ffe\" data-element_type=\"column\" data-e-type=\"column\">\n\t\t\t<div class=\"elementor-widget-wrap elementor-element-populated\">\n\t\t\t\t\t\t<div class=\"elementor-element elementor-element-a7a8e56 elementor-widget elementor-widget-image-box\" data-id=\"a7a8e56\" data-element_type=\"widget\" data-e-type=\"widget\" data-widget_type=\"image-box.default\">\n\t\t\t\t<div class=\"elementor-widget-container\">\n\t\t\t\t\t<div class=\"elementor-image-box-wrapper\"><div class=\"elementor-image-box-content\"><h3 class=\"elementor-image-box-title\">Dini Yap\u0131<\/h3><p class=\"elementor-image-box-description translation-block\"><b>\u0130\u015fveren: <\/b>Baykar Teknoloji<br>\n\n<b>Yer: <\/b>\u0130stanbul - Ba\u015fak\u015fehir<br>\n\n<b>Tarih: <\/b>2022<br>\n\n<b>Proje Durumu:<\/b> Projelendirme<\/p><\/div><\/div>\t\t\t\t<\/div>\n\t\t\t\t<\/div>\n\t\t\t\t\t<\/div>\n\t\t<\/div>\n\t\t\t\t\t<\/div>\n\t\t<\/section>\n\t\t\t\t<section class=\"elementor-section elementor-top-section elementor-element elementor-element-a1f07d7 elementor-section-full_width elementor-section-height-default elementor-section-height-default\" data-id=\"a1f07d7\" data-element_type=\"section\" data-e-type=\"section\" data-settings=\"{&quot;_ha_eqh_enable&quot;:false}\">\n\t\t\t\t\t\t<div class=\"elementor-container elementor-column-gap-no\">\n\t\t\t\t\t<div class=\"elementor-column elementor-col-33 elementor-top-column elementor-element elementor-element-127e3b4\" data-id=\"127e3b4\" data-element_type=\"column\" data-e-type=\"column\">\n\t\t\t<div class=\"elementor-widget-wrap elementor-element-populated\">\n\t\t\t\t\t\t<div class=\"elementor-element elementor-element-1bed334 elementor-widget elementor-widget-image\" data-id=\"1bed334\" data-element_type=\"widget\" data-e-type=\"widget\" data-widget_type=\"image.default\">\n\t\t\t\t<div class=\"elementor-widget-container\">\n\t\t\t\t\t\t\t\t\t\t\t\t\t\t\t<img fetchpriority=\"high\" decoding=\"async\" width=\"960\" height=\"1620\" src=\"https:\/\/www.altstudio.com.tr\/wp-content\/uploads\/2024\/08\/Cami-1-4-d.jpg\" class=\"attachment-full size-full wp-image-7738\" alt=\"\" srcset=\"https:\/\/www.altstudio.com.tr\/wp-content\/uploads\/2024\/08\/Cami-1-4-d.jpg 960w, https:\/\/www.altstudio.com.tr\/wp-content\/uploads\/2024\/08\/Cami-1-4-d-178x300.jpg 178w, https:\/\/www.altstudio.com.tr\/wp-content\/uploads\/2024\/08\/Cami-1-4-d-607x1024.jpg 607w, https:\/\/www.altstudio.com.tr\/wp-content\/uploads\/2024\/08\/Cami-1-4-d-768x1296.jpg 768w, https:\/\/www.altstudio.com.tr\/wp-content\/uploads\/2024\/08\/Cami-1-4-d-910x1536.jpg 910w, https:\/\/www.altstudio.com.tr\/wp-content\/uploads\/2024\/08\/Cami-1-4-d-7x12.jpg 7w\" sizes=\"(max-width: 960px) 100vw, 960px\" \/>\t\t\t\t\t\t\t\t\t\t\t\t\t\t\t<\/div>\n\t\t\t\t<\/div>\n\t\t\t\t<div class=\"elementor-element elementor-element-6a72c2a elementor-widget elementor-widget-image\" data-id=\"6a72c2a\" data-element_type=\"widget\" data-e-type=\"widget\" data-widget_type=\"image.default\">\n\t\t\t\t<div class=\"elementor-widget-container\">\n\t\t\t\t\t\t\t\t\t\t\t\t\t\t\t<img decoding=\"async\" width=\"960\" height=\"540\" src=\"https:\/\/www.altstudio.com.tr\/wp-content\/uploads\/2024\/08\/Cami-1-3-k.jpg\" class=\"attachment-full size-full wp-image-7737\" alt=\"\" srcset=\"https:\/\/www.altstudio.com.tr\/wp-content\/uploads\/2024\/08\/Cami-1-3-k.jpg 960w, https:\/\/www.altstudio.com.tr\/wp-content\/uploads\/2024\/08\/Cami-1-3-k-300x169.jpg 300w, https:\/\/www.altstudio.com.tr\/wp-content\/uploads\/2024\/08\/Cami-1-3-k-768x432.jpg 768w, https:\/\/www.altstudio.com.tr\/wp-content\/uploads\/2024\/08\/Cami-1-3-k-18x10.jpg 18w\" sizes=\"(max-width: 960px) 100vw, 960px\" \/>\t\t\t\t\t\t\t\t\t\t\t\t\t\t\t<\/div>\n\t\t\t\t<\/div>\n\t\t\t\t\t<\/div>\n\t\t<\/div>\n\t\t\t\t<div class=\"elementor-column elementor-col-66 elementor-top-column elementor-element elementor-element-36d50ed\" data-id=\"36d50ed\" data-element_type=\"column\" data-e-type=\"column\">\n\t\t\t<div class=\"elementor-widget-wrap elementor-element-populated\">\n\t\t\t\t\t\t<div class=\"elementor-element elementor-element-a1a2f3f elementor-widget elementor-widget-image\" data-id=\"a1a2f3f\" data-element_type=\"widget\" data-e-type=\"widget\" data-widget_type=\"image.default\">\n\t\t\t\t<div class=\"elementor-widget-container\">\n\t\t\t\t\t\t\t\t\t\t\t\t\t\t\t<img decoding=\"async\" width=\"1920\" height=\"1080\" src=\"https:\/\/www.altstudio.com.tr\/wp-content\/uploads\/2024\/08\/Cami-1-1-1.jpg\" class=\"attachment-full size-full wp-image-7740\" alt=\"\" srcset=\"https:\/\/www.altstudio.com.tr\/wp-content\/uploads\/2024\/08\/Cami-1-1-1.jpg 1920w, https:\/\/www.altstudio.com.tr\/wp-content\/uploads\/2024\/08\/Cami-1-1-1-300x169.jpg 300w, https:\/\/www.altstudio.com.tr\/wp-content\/uploads\/2024\/08\/Cami-1-1-1-1024x576.jpg 1024w, https:\/\/www.altstudio.com.tr\/wp-content\/uploads\/2024\/08\/Cami-1-1-1-768x432.jpg 768w, https:\/\/www.altstudio.com.tr\/wp-content\/uploads\/2024\/08\/Cami-1-1-1-1536x864.jpg 1536w, https:\/\/www.altstudio.com.tr\/wp-content\/uploads\/2024\/08\/Cami-1-1-1-18x10.jpg 18w\" sizes=\"(max-width: 1920px) 100vw, 1920px\" \/>\t\t\t\t\t\t\t\t\t\t\t\t\t\t\t<\/div>\n\t\t\t\t<\/div>\n\t\t\t\t<div class=\"elementor-element elementor-element-44a3a59 elementor-widget elementor-widget-image\" data-id=\"44a3a59\" data-element_type=\"widget\" data-e-type=\"widget\" data-widget_type=\"image.default\">\n\t\t\t\t<div class=\"elementor-widget-container\">\n\t\t\t\t\t\t\t\t\t\t\t\t\t\t\t<img loading=\"lazy\" decoding=\"async\" width=\"1920\" height=\"1080\" src=\"https:\/\/www.altstudio.com.tr\/wp-content\/uploads\/2024\/08\/Cami-1-2.jpg\" class=\"attachment-full size-full wp-image-7735\" alt=\"\" srcset=\"https:\/\/www.altstudio.com.tr\/wp-content\/uploads\/2024\/08\/Cami-1-2.jpg 1920w, https:\/\/www.altstudio.com.tr\/wp-content\/uploads\/2024\/08\/Cami-1-2-300x169.jpg 300w, https:\/\/www.altstudio.com.tr\/wp-content\/uploads\/2024\/08\/Cami-1-2-1024x576.jpg 1024w, https:\/\/www.altstudio.com.tr\/wp-content\/uploads\/2024\/08\/Cami-1-2-768x432.jpg 768w, https:\/\/www.altstudio.com.tr\/wp-content\/uploads\/2024\/08\/Cami-1-2-1536x864.jpg 1536w, https:\/\/www.altstudio.com.tr\/wp-content\/uploads\/2024\/08\/Cami-1-2-18x10.jpg 18w\" sizes=\"(max-width: 1920px) 100vw, 1920px\" \/>\t\t\t\t\t\t\t\t\t\t\t\t\t\t\t<\/div>\n\t\t\t\t<\/div>\n\t\t\t\t\t<\/div>\n\t\t<\/div>\n\t\t\t\t\t<\/div>\n\t\t<\/section>\n\t\t\t\t<\/div>","protected":false},"excerpt":{"rendered":"<p>Baykar Mosque The mosque project, adjacent to Housing &#8211; 3 parcel, is shaped by the need to design a contemporary and fluid religious facility consistent with the worker housing blocks as the design language. While religious and national architectural design lines are followed in both form and material as an approach, it moves away from [&hellip;]<\/p>\n","protected":false},"author":1,"featured_media":0,"parent":0,"menu_order":0,"comment_status":"closed","ping_status":"closed","template":"elementor_header_footer","meta":{"site-sidebar-layout":"no-sidebar","site-content-layout":"page-builder","ast-site-content-layout":"full-width-container","site-content-style":"unboxed","site-sidebar-style":"unboxed","ast-global-header-display":"","ast-banner-title-visibility":"","ast-main-header-display":"","ast-hfb-above-header-display":"","ast-hfb-below-header-display":"","ast-hfb-mobile-header-display":"","site-post-title":"disabled","ast-breadcrumbs-content":"","ast-featured-img":"disabled","footer-sml-layout":"","ast-disable-related-posts":"","theme-transparent-header-meta":"enabled","adv-header-id-meta":"","stick-header-meta":"","header-above-stick-meta":"","header-main-stick-meta":"","header-below-stick-meta":"","astra-migrate-meta-layouts":"set","ast-page-background-enabled":"default","ast-page-background-meta":{"desktop":{"background-color":"","background-image":"","background-repeat":"repeat","background-position":"center center","background-size":"auto","background-attachment":"scroll","background-type":"","background-media":"","overlay-type":"","overlay-color":"","overlay-opacity":"","overlay-gradient":""},"tablet":{"background-color":"","background-image":"","background-repeat":"repeat","background-position":"center center","background-size":"auto","background-attachment":"scroll","background-type":"","background-media":"","overlay-type":"","overlay-color":"","overlay-opacity":"","overlay-gradient":""},"mobile":{"background-color":"","background-image":"","background-repeat":"repeat","background-position":"center center","background-size":"auto","background-attachment":"scroll","background-type":"","background-media":"","overlay-type":"","overlay-color":"","overlay-opacity":"","overlay-gradient":""}},"ast-content-background-meta":{"desktop":{"background-color":"var(--ast-global-color-5)","background-image":"","background-repeat":"repeat","background-position":"center center","background-size":"auto","background-attachment":"scroll","background-type":"","background-media":"","overlay-type":"","overlay-color":"","overlay-opacity":"","overlay-gradient":""},"tablet":{"background-color":"var(--ast-global-color-5)","background-image":"","background-repeat":"repeat","background-position":"center center","background-size":"auto","background-attachment":"scroll","background-type":"","background-media":"","overlay-type":"","overlay-color":"","overlay-opacity":"","overlay-gradient":""},"mobile":{"background-color":"var(--ast-global-color-5)","background-image":"","background-repeat":"repeat","background-position":"center center","background-size":"auto","background-attachment":"scroll","background-type":"","background-media":"","overlay-type":"","overlay-color":"","overlay-opacity":"","overlay-gradient":""}},"footnotes":""},"class_list":["post-7127","page","type-page","status-publish","hentry"],"yoast_head":"<!-- This site is optimized with the Yoast SEO plugin v27.3 - https:\/\/yoast.com\/product\/yoast-seo-wordpress\/ -->\n<title>Baykar Cami - Altstudio<\/title>\n<meta name=\"description\" content=\"Baykar Cami - tasar\u0131m dili olarak lojman bloklar\u0131 ile tutarl\u0131, \u00e7a\u011fda\u015f ve ak\u0131c\u0131 bir dini tesis tasarlama ihtiyac\u0131 ile \u015fekillenir.\" \/>\n<meta name=\"robots\" content=\"index, follow, max-snippet:-1, max-image-preview:large, max-video-preview:-1\" \/>\n<link rel=\"canonical\" href=\"https:\/\/www.altstudio.com.tr\/tr\/baykar-cami\/\" \/>\n<meta property=\"og:locale\" content=\"tr_TR\" \/>\n<meta property=\"og:type\" content=\"article\" \/>\n<meta property=\"og:title\" content=\"Baykar Cami - Altstudio\" \/>\n<meta property=\"og:description\" content=\"Baykar Cami - tasar\u0131m dili olarak lojman bloklar\u0131 ile tutarl\u0131, \u00e7a\u011fda\u015f ve ak\u0131c\u0131 bir dini tesis tasarlama ihtiyac\u0131 ile \u015fekillenir.\" \/>\n<meta property=\"og:url\" content=\"https:\/\/www.altstudio.com.tr\/tr\/baykar-cami\/\" \/>\n<meta property=\"og:site_name\" content=\"Altstudio\" \/>\n<meta property=\"article:modified_time\" content=\"2024-09-18T11:17:26+00:00\" \/>\n<meta property=\"og:image\" content=\"https:\/\/www.altstudio.com.tr\/wp-content\/uploads\/2024\/08\/Cami-1-4-d.jpg\" \/>\n<meta name=\"twitter:card\" content=\"summary_large_image\" \/>\n<meta name=\"twitter:label1\" content=\"Tahmini okuma s\u00fcresi\" \/>\n\t<meta name=\"twitter:data1\" content=\"2 dakika\" \/>\n<script type=\"application\/ld+json\" class=\"yoast-schema-graph\">{\"@context\":\"https:\\\/\\\/schema.org\",\"@graph\":[{\"@type\":\"WebPage\",\"@id\":\"https:\\\/\\\/www.altstudio.com.tr\\\/baykar-cami\\\/\",\"url\":\"https:\\\/\\\/www.altstudio.com.tr\\\/baykar-cami\\\/\",\"name\":\"Baykar Cami - Altstudio\",\"isPartOf\":{\"@id\":\"https:\\\/\\\/www.altstudio.com.tr\\\/#website\"},\"primaryImageOfPage\":{\"@id\":\"https:\\\/\\\/www.altstudio.com.tr\\\/baykar-cami\\\/#primaryimage\"},\"image\":{\"@id\":\"https:\\\/\\\/www.altstudio.com.tr\\\/baykar-cami\\\/#primaryimage\"},\"thumbnailUrl\":\"https:\\\/\\\/www.altstudio.com.tr\\\/wp-content\\\/uploads\\\/2024\\\/08\\\/Cami-1-4-d.jpg\",\"datePublished\":\"2024-04-14T13:46:37+00:00\",\"dateModified\":\"2024-09-18T11:17:26+00:00\",\"description\":\"Baykar Cami - tasar\u0131m dili olarak lojman bloklar\u0131 ile tutarl\u0131, \u00e7a\u011fda\u015f ve ak\u0131c\u0131 bir dini tesis tasarlama ihtiyac\u0131 ile \u015fekillenir.\",\"breadcrumb\":{\"@id\":\"https:\\\/\\\/www.altstudio.com.tr\\\/baykar-cami\\\/#breadcrumb\"},\"inLanguage\":\"tr\",\"potentialAction\":[{\"@type\":\"ReadAction\",\"target\":[\"https:\\\/\\\/www.altstudio.com.tr\\\/baykar-cami\\\/\"]}]},{\"@type\":\"ImageObject\",\"inLanguage\":\"tr\",\"@id\":\"https:\\\/\\\/www.altstudio.com.tr\\\/baykar-cami\\\/#primaryimage\",\"url\":\"https:\\\/\\\/www.altstudio.com.tr\\\/wp-content\\\/uploads\\\/2024\\\/08\\\/Cami-1-4-d.jpg\",\"contentUrl\":\"https:\\\/\\\/www.altstudio.com.tr\\\/wp-content\\\/uploads\\\/2024\\\/08\\\/Cami-1-4-d.jpg\"},{\"@type\":\"BreadcrumbList\",\"@id\":\"https:\\\/\\\/www.altstudio.com.tr\\\/baykar-cami\\\/#breadcrumb\",\"itemListElement\":[{\"@type\":\"ListItem\",\"position\":1,\"name\":\"Home\",\"item\":\"https:\\\/\\\/www.altstudio.com.tr\\\/\"},{\"@type\":\"ListItem\",\"position\":2,\"name\":\"Baykar Cami\"}]},{\"@type\":\"WebSite\",\"@id\":\"https:\\\/\\\/www.altstudio.com.tr\\\/#website\",\"url\":\"https:\\\/\\\/www.altstudio.com.tr\\\/\",\"name\":\"Altstudio\",\"description\":\"works.thinks.creates.architecture\",\"publisher\":{\"@id\":\"https:\\\/\\\/www.altstudio.com.tr\\\/#organization\"},\"potentialAction\":[{\"@type\":\"SearchAction\",\"target\":{\"@type\":\"EntryPoint\",\"urlTemplate\":\"https:\\\/\\\/www.altstudio.com.tr\\\/?s={search_term_string}\"},\"query-input\":{\"@type\":\"PropertyValueSpecification\",\"valueRequired\":true,\"valueName\":\"search_term_string\"}}],\"inLanguage\":\"tr\"},{\"@type\":\"Organization\",\"@id\":\"https:\\\/\\\/www.altstudio.com.tr\\\/#organization\",\"name\":\"Alt studio\",\"url\":\"https:\\\/\\\/www.altstudio.com.tr\\\/\",\"logo\":{\"@type\":\"ImageObject\",\"inLanguage\":\"tr\",\"@id\":\"https:\\\/\\\/www.altstudio.com.tr\\\/#\\\/schema\\\/logo\\\/image\\\/\",\"url\":\"https:\\\/\\\/www.altstudio.com.tr\\\/wp-content\\\/uploads\\\/2024\\\/04\\\/LOGO.jpg\",\"contentUrl\":\"https:\\\/\\\/www.altstudio.com.tr\\\/wp-content\\\/uploads\\\/2024\\\/04\\\/LOGO.jpg\",\"width\":1330,\"height\":384,\"caption\":\"Alt studio\"},\"image\":{\"@id\":\"https:\\\/\\\/www.altstudio.com.tr\\\/#\\\/schema\\\/logo\\\/image\\\/\"},\"sameAs\":[\"https:\\\/\\\/www.instagram.com\\\/thealtstudio\\\/\"]}]}<\/script>\n<!-- \/ Yoast SEO plugin. -->","yoast_head_json":{"title":"Baykar Cami - Altstudio","description":"Baykar Cami - tasar\u0131m dili olarak lojman bloklar\u0131 ile tutarl\u0131, \u00e7a\u011fda\u015f ve ak\u0131c\u0131 bir dini tesis tasarlama ihtiyac\u0131 ile \u015fekillenir.","robots":{"index":"index","follow":"follow","max-snippet":"max-snippet:-1","max-image-preview":"max-image-preview:large","max-video-preview":"max-video-preview:-1"},"canonical":"https:\/\/www.altstudio.com.tr\/tr\/baykar-cami\/","og_locale":"tr_TR","og_type":"article","og_title":"Baykar Cami - Altstudio","og_description":"Baykar Cami - tasar\u0131m dili olarak lojman bloklar\u0131 ile tutarl\u0131, \u00e7a\u011fda\u015f ve ak\u0131c\u0131 bir dini tesis tasarlama ihtiyac\u0131 ile \u015fekillenir.","og_url":"https:\/\/www.altstudio.com.tr\/tr\/baykar-cami\/","og_site_name":"Altstudio","article_modified_time":"2024-09-18T11:17:26+00:00","og_image":[{"url":"https:\/\/www.altstudio.com.tr\/wp-content\/uploads\/2024\/08\/Cami-1-4-d.jpg","type":"","width":"","height":""}],"twitter_card":"summary_large_image","twitter_misc":{"Tahmini okuma s\u00fcresi":"2 dakika"},"schema":{"@context":"https:\/\/schema.org","@graph":[{"@type":"WebPage","@id":"https:\/\/www.altstudio.com.tr\/baykar-cami\/","url":"https:\/\/www.altstudio.com.tr\/baykar-cami\/","name":"Baykar Cami - Altstudio","isPartOf":{"@id":"https:\/\/www.altstudio.com.tr\/#website"},"primaryImageOfPage":{"@id":"https:\/\/www.altstudio.com.tr\/baykar-cami\/#primaryimage"},"image":{"@id":"https:\/\/www.altstudio.com.tr\/baykar-cami\/#primaryimage"},"thumbnailUrl":"https:\/\/www.altstudio.com.tr\/wp-content\/uploads\/2024\/08\/Cami-1-4-d.jpg","datePublished":"2024-04-14T13:46:37+00:00","dateModified":"2024-09-18T11:17:26+00:00","description":"Baykar Cami - tasar\u0131m dili olarak lojman bloklar\u0131 ile tutarl\u0131, \u00e7a\u011fda\u015f ve ak\u0131c\u0131 bir dini tesis tasarlama ihtiyac\u0131 ile \u015fekillenir.","breadcrumb":{"@id":"https:\/\/www.altstudio.com.tr\/baykar-cami\/#breadcrumb"},"inLanguage":"tr","potentialAction":[{"@type":"ReadAction","target":["https:\/\/www.altstudio.com.tr\/baykar-cami\/"]}]},{"@type":"ImageObject","inLanguage":"tr","@id":"https:\/\/www.altstudio.com.tr\/baykar-cami\/#primaryimage","url":"https:\/\/www.altstudio.com.tr\/wp-content\/uploads\/2024\/08\/Cami-1-4-d.jpg","contentUrl":"https:\/\/www.altstudio.com.tr\/wp-content\/uploads\/2024\/08\/Cami-1-4-d.jpg"},{"@type":"BreadcrumbList","@id":"https:\/\/www.altstudio.com.tr\/baykar-cami\/#breadcrumb","itemListElement":[{"@type":"ListItem","position":1,"name":"Home","item":"https:\/\/www.altstudio.com.tr\/"},{"@type":"ListItem","position":2,"name":"Baykar Cami"}]},{"@type":"WebSite","@id":"https:\/\/www.altstudio.com.tr\/#website","url":"https:\/\/www.altstudio.com.tr\/","name":"Altstudio","description":"works.thinks.creates.architecture","publisher":{"@id":"https:\/\/www.altstudio.com.tr\/#organization"},"potentialAction":[{"@type":"SearchAction","target":{"@type":"EntryPoint","urlTemplate":"https:\/\/www.altstudio.com.tr\/?s={search_term_string}"},"query-input":{"@type":"PropertyValueSpecification","valueRequired":true,"valueName":"search_term_string"}}],"inLanguage":"tr"},{"@type":"Organization","@id":"https:\/\/www.altstudio.com.tr\/#organization","name":"Alt studio","url":"https:\/\/www.altstudio.com.tr\/","logo":{"@type":"ImageObject","inLanguage":"tr","@id":"https:\/\/www.altstudio.com.tr\/#\/schema\/logo\/image\/","url":"https:\/\/www.altstudio.com.tr\/wp-content\/uploads\/2024\/04\/LOGO.jpg","contentUrl":"https:\/\/www.altstudio.com.tr\/wp-content\/uploads\/2024\/04\/LOGO.jpg","width":1330,"height":384,"caption":"Alt studio"},"image":{"@id":"https:\/\/www.altstudio.com.tr\/#\/schema\/logo\/image\/"},"sameAs":["https:\/\/www.instagram.com\/thealtstudio\/"]}]}},"_links":{"self":[{"href":"https:\/\/www.altstudio.com.tr\/tr\/wp-json\/wp\/v2\/pages\/7127","targetHints":{"allow":["GET"]}}],"collection":[{"href":"https:\/\/www.altstudio.com.tr\/tr\/wp-json\/wp\/v2\/pages"}],"about":[{"href":"https:\/\/www.altstudio.com.tr\/tr\/wp-json\/wp\/v2\/types\/page"}],"author":[{"embeddable":true,"href":"https:\/\/www.altstudio.com.tr\/tr\/wp-json\/wp\/v2\/users\/1"}],"replies":[{"embeddable":true,"href":"https:\/\/www.altstudio.com.tr\/tr\/wp-json\/wp\/v2\/comments?post=7127"}],"version-history":[{"count":24,"href":"https:\/\/www.altstudio.com.tr\/tr\/wp-json\/wp\/v2\/pages\/7127\/revisions"}],"predecessor-version":[{"id":8216,"href":"https:\/\/www.altstudio.com.tr\/tr\/wp-json\/wp\/v2\/pages\/7127\/revisions\/8216"}],"wp:attachment":[{"href":"https:\/\/www.altstudio.com.tr\/tr\/wp-json\/wp\/v2\/media?parent=7127"}],"curies":[{"name":"wp","href":"https:\/\/api.w.org\/{rel}","templated":true}]}}