{"id":7134,"date":"2024-04-14T18:08:38","date_gmt":"2024-04-14T15:08:38","guid":{"rendered":"https:\/\/www.altstudio.com.tr\/?page_id=7134"},"modified":"2024-09-18T14:21:17","modified_gmt":"2024-09-18T11:21:17","slug":"baykar-corlu-mescit","status":"publish","type":"page","link":"https:\/\/www.altstudio.com.tr\/tr\/baykar-corlu-mescit\/","title":{"rendered":"Baykar \u00c7orlu Mescit"},"content":{"rendered":"<div data-elementor-type=\"wp-post\" data-elementor-id=\"7134\" class=\"elementor elementor-7134\" data-elementor-settings=\"{&quot;ha_cmc_init_switcher&quot;:&quot;no&quot;}\">\n\t\t\t\t\t\t<section class=\"elementor-section elementor-top-section elementor-element elementor-element-bf93b72 elementor-section-full_width elementor-section-height-default elementor-section-height-default\" data-id=\"bf93b72\" data-element_type=\"section\" data-e-type=\"section\" data-settings=\"{&quot;_ha_eqh_enable&quot;:false}\">\n\t\t\t\t\t\t<div class=\"elementor-container elementor-column-gap-default\">\n\t\t\t\t\t<div class=\"elementor-column elementor-col-50 elementor-top-column elementor-element elementor-element-8f8d21c\" data-id=\"8f8d21c\" data-element_type=\"column\" data-e-type=\"column\">\n\t\t\t<div class=\"elementor-widget-wrap elementor-element-populated\">\n\t\t\t\t\t\t<div class=\"elementor-element elementor-element-89ef751 elementor-widget elementor-widget-image-box\" data-id=\"89ef751\" data-element_type=\"widget\" data-e-type=\"widget\" data-widget_type=\"image-box.default\">\n\t\t\t\t<div class=\"elementor-widget-container\">\n\t\t\t\t\t<div class=\"elementor-image-box-wrapper\"><div class=\"elementor-image-box-content\"><h3 class=\"elementor-image-box-title\">Baykar \u00c7orlu Mescit<\/h3><p class=\"elementor-image-box-description\">\u00c7orlu'da askeri arazi i\u00e7erisinde kalan mescit parseli \u00e7a\u011fda\u015f ve ak\u0131c\u0131 bir dini tesis tasarlama ihtiyac\u0131 ile \u015fekillenir. Mimari \u00e7izgi olarak ulusal mimarl\u0131k ak\u0131mlar\u0131na paralel ilerlerken avlu ve son namazgah fikirleri de kendi i\u00e7inde yorumlar.<\/p><\/div><\/div>\t\t\t\t<\/div>\n\t\t\t\t<\/div>\n\t\t\t\t\t<\/div>\n\t\t<\/div>\n\t\t\t\t<div class=\"elementor-column elementor-col-50 elementor-top-column elementor-element elementor-element-0da9ffe\" data-id=\"0da9ffe\" data-element_type=\"column\" data-e-type=\"column\">\n\t\t\t<div class=\"elementor-widget-wrap elementor-element-populated\">\n\t\t\t\t\t\t<div class=\"elementor-element elementor-element-a7a8e56 elementor-widget elementor-widget-image-box\" data-id=\"a7a8e56\" data-element_type=\"widget\" data-e-type=\"widget\" data-widget_type=\"image-box.default\">\n\t\t\t\t<div class=\"elementor-widget-container\">\n\t\t\t\t\t<div class=\"elementor-image-box-wrapper\"><div class=\"elementor-image-box-content\"><h3 class=\"elementor-image-box-title\">Dini Yap\u0131<\/h3><p class=\"elementor-image-box-description translation-block\"><b>\u0130\u015fveren: <\/b>Baykar Teknoloji<br>\n\n<b>Yer: <\/b>Tekirda\u011f - \u00c7orlu<br>\n\n<b>Tarih: <\/b>2024<br>\n\n<b>Proje Durumu:<\/b> Projelendirme<\/p><\/div><\/div>\t\t\t\t<\/div>\n\t\t\t\t<\/div>\n\t\t\t\t\t<\/div>\n\t\t<\/div>\n\t\t\t\t\t<\/div>\n\t\t<\/section>\n\t\t\t\t<section class=\"elementor-section elementor-top-section elementor-element elementor-element-c5a376c elementor-section-full_width elementor-section-height-default elementor-section-height-default\" data-id=\"c5a376c\" data-element_type=\"section\" data-e-type=\"section\" data-settings=\"{&quot;_ha_eqh_enable&quot;:false}\">\n\t\t\t\t\t\t<div class=\"elementor-container elementor-column-gap-no\">\n\t\t\t\t\t<div class=\"elementor-column elementor-col-66 elementor-top-column elementor-element elementor-element-b70d2d3\" data-id=\"b70d2d3\" data-element_type=\"column\" data-e-type=\"column\">\n\t\t\t<div class=\"elementor-widget-wrap elementor-element-populated\">\n\t\t\t\t\t\t<div class=\"elementor-element elementor-element-893db91 elementor-widget elementor-widget-image-carousel\" data-id=\"893db91\" data-element_type=\"widget\" data-e-type=\"widget\" data-settings=\"{&quot;slides_to_show&quot;:&quot;1&quot;,&quot;navigation&quot;:&quot;none&quot;,&quot;autoplay&quot;:&quot;yes&quot;,&quot;pause_on_interaction&quot;:&quot;yes&quot;,&quot;autoplay_speed&quot;:5000,&quot;infinite&quot;:&quot;yes&quot;,&quot;effect&quot;:&quot;slide&quot;,&quot;speed&quot;:500}\" data-widget_type=\"image-carousel.default\">\n\t\t\t\t<div class=\"elementor-widget-container\">\n\t\t\t\t\t\t\t<div class=\"elementor-image-carousel-wrapper swiper\" role=\"region\" aria-roledescription=\"carousel\" aria-label=\"Image Carousel\" dir=\"ltr\">\n\t\t\t<div class=\"elementor-image-carousel swiper-wrapper\" aria-live=\"off\">\n\t\t\t\t\t\t\t\t<div class=\"swiper-slide\" role=\"group\" aria-roledescription=\"slide\" aria-label=\"1 of 3\"><figure class=\"swiper-slide-inner\"><img decoding=\"async\" class=\"swiper-slide-image\" src=\"https:\/\/www.altstudio.com.tr\/wp-content\/uploads\/2024\/08\/Corlu-Cami-1-1.jpg\" alt=\"\u00c7orlu Cami - 1 (1)\" \/><\/figure><\/div><div class=\"swiper-slide\" role=\"group\" aria-roledescription=\"slide\" aria-label=\"2 of 3\"><figure class=\"swiper-slide-inner\"><img decoding=\"async\" class=\"swiper-slide-image\" src=\"https:\/\/www.altstudio.com.tr\/wp-content\/uploads\/2024\/08\/Corlu-Cami-2-1.jpg\" alt=\"\u00c7orlu Cami - 2 (1)\" \/><\/figure><\/div><div class=\"swiper-slide\" role=\"group\" aria-roledescription=\"slide\" aria-label=\"3 of 3\"><figure class=\"swiper-slide-inner\"><img decoding=\"async\" class=\"swiper-slide-image\" src=\"https:\/\/www.altstudio.com.tr\/wp-content\/uploads\/2024\/08\/Corlu-Cami-6-1.jpg\" alt=\"\u00c7orlu Cami - 6 (1)\" \/><\/figure><\/div>\t\t\t<\/div>\n\t\t\t\t\t\t\t\n\t\t\t\t\t\t\t\t\t<\/div>\n\t\t\t\t\t\t<\/div>\n\t\t\t\t<\/div>\n\t\t\t\t<div class=\"elementor-element elementor-element-e50c521 elementor-widget elementor-widget-image\" data-id=\"e50c521\" data-element_type=\"widget\" data-e-type=\"widget\" data-widget_type=\"image.default\">\n\t\t\t\t<div class=\"elementor-widget-container\">\n\t\t\t\t\t\t\t\t\t\t\t\t\t\t\t<img fetchpriority=\"high\" decoding=\"async\" width=\"1920\" height=\"1080\" src=\"https:\/\/www.altstudio.com.tr\/wp-content\/uploads\/2024\/08\/Corlu-Cami-5-1.jpg\" class=\"attachment-full size-full wp-image-7757\" alt=\"\" srcset=\"https:\/\/www.altstudio.com.tr\/wp-content\/uploads\/2024\/08\/Corlu-Cami-5-1.jpg 1920w, https:\/\/www.altstudio.com.tr\/wp-content\/uploads\/2024\/08\/Corlu-Cami-5-1-300x169.jpg 300w, https:\/\/www.altstudio.com.tr\/wp-content\/uploads\/2024\/08\/Corlu-Cami-5-1-1024x576.jpg 1024w, https:\/\/www.altstudio.com.tr\/wp-content\/uploads\/2024\/08\/Corlu-Cami-5-1-768x432.jpg 768w, https:\/\/www.altstudio.com.tr\/wp-content\/uploads\/2024\/08\/Corlu-Cami-5-1-1536x864.jpg 1536w, https:\/\/www.altstudio.com.tr\/wp-content\/uploads\/2024\/08\/Corlu-Cami-5-1-18x10.jpg 18w\" sizes=\"(max-width: 1920px) 100vw, 1920px\" \/>\t\t\t\t\t\t\t\t\t\t\t\t\t\t\t<\/div>\n\t\t\t\t<\/div>\n\t\t\t\t\t<\/div>\n\t\t<\/div>\n\t\t\t\t<div class=\"elementor-column elementor-col-33 elementor-top-column elementor-element elementor-element-11acd01\" data-id=\"11acd01\" data-element_type=\"column\" data-e-type=\"column\">\n\t\t\t<div class=\"elementor-widget-wrap elementor-element-populated\">\n\t\t\t\t\t\t<div class=\"elementor-element elementor-element-cbd9e86 elementor-widget elementor-widget-image-carousel\" data-id=\"cbd9e86\" data-element_type=\"widget\" data-e-type=\"widget\" data-settings=\"{&quot;slides_to_show&quot;:&quot;1&quot;,&quot;navigation&quot;:&quot;none&quot;,&quot;autoplay&quot;:&quot;yes&quot;,&quot;pause_on_interaction&quot;:&quot;yes&quot;,&quot;autoplay_speed&quot;:5000,&quot;infinite&quot;:&quot;yes&quot;,&quot;effect&quot;:&quot;slide&quot;,&quot;speed&quot;:500}\" data-widget_type=\"image-carousel.default\">\n\t\t\t\t<div class=\"elementor-widget-container\">\n\t\t\t\t\t\t\t<div class=\"elementor-image-carousel-wrapper swiper\" role=\"region\" aria-roledescription=\"carousel\" aria-label=\"Image Carousel\" dir=\"ltr\">\n\t\t\t<div class=\"elementor-image-carousel swiper-wrapper\" aria-live=\"off\">\n\t\t\t\t\t\t\t\t<div class=\"swiper-slide\" role=\"group\" aria-roledescription=\"slide\" aria-label=\"1 of 3\"><figure class=\"swiper-slide-inner\"><img decoding=\"async\" class=\"swiper-slide-image\" src=\"https:\/\/www.altstudio.com.tr\/wp-content\/uploads\/2024\/08\/corlu-dusey-1-1.jpg\" alt=\"\u00e7orlu-d\u00fc\u015fey-1 (1)\" \/><\/figure><\/div><div class=\"swiper-slide\" role=\"group\" aria-roledescription=\"slide\" aria-label=\"2 of 3\"><figure class=\"swiper-slide-inner\"><img decoding=\"async\" class=\"swiper-slide-image\" src=\"https:\/\/www.altstudio.com.tr\/wp-content\/uploads\/2024\/08\/corlu-dusey-2.jpg\" alt=\"\u00e7orlu-d\u00fc\u015fey-2\" \/><\/figure><\/div><div class=\"swiper-slide\" role=\"group\" aria-roledescription=\"slide\" aria-label=\"3 of 3\"><figure class=\"swiper-slide-inner\"><img decoding=\"async\" class=\"swiper-slide-image\" src=\"https:\/\/www.altstudio.com.tr\/wp-content\/uploads\/2024\/08\/corlu-dusey-3-1.jpg\" alt=\"\u00e7orlu-d\u00fc\u015fey-3 (1)\" \/><\/figure><\/div>\t\t\t<\/div>\n\t\t\t\t\t\t\t\n\t\t\t\t\t\t\t\t\t<\/div>\n\t\t\t\t\t\t<\/div>\n\t\t\t\t<\/div>\n\t\t\t\t<div class=\"elementor-element elementor-element-6cbc1fb elementor-widget elementor-widget-image\" data-id=\"6cbc1fb\" data-element_type=\"widget\" data-e-type=\"widget\" data-widget_type=\"image.default\">\n\t\t\t\t<div class=\"elementor-widget-container\">\n\t\t\t\t\t\t\t\t\t\t\t\t\t\t\t<img decoding=\"async\" width=\"960\" height=\"540\" src=\"https:\/\/www.altstudio.com.tr\/wp-content\/uploads\/2024\/08\/Corlu-Cami-3-k.jpg\" class=\"attachment-full size-full wp-image-7754\" alt=\"\" srcset=\"https:\/\/www.altstudio.com.tr\/wp-content\/uploads\/2024\/08\/Corlu-Cami-3-k.jpg 960w, https:\/\/www.altstudio.com.tr\/wp-content\/uploads\/2024\/08\/Corlu-Cami-3-k-300x169.jpg 300w, https:\/\/www.altstudio.com.tr\/wp-content\/uploads\/2024\/08\/Corlu-Cami-3-k-768x432.jpg 768w, https:\/\/www.altstudio.com.tr\/wp-content\/uploads\/2024\/08\/Corlu-Cami-3-k-18x10.jpg 18w\" sizes=\"(max-width: 960px) 100vw, 960px\" \/>\t\t\t\t\t\t\t\t\t\t\t\t\t\t\t<\/div>\n\t\t\t\t<\/div>\n\t\t\t\t\t<\/div>\n\t\t<\/div>\n\t\t\t\t\t<\/div>\n\t\t<\/section>\n\t\t\t\t<\/div>","protected":false},"excerpt":{"rendered":"<p>Baykar \u00c7orlu Masjid The masjid parcel located within the military land in \u00c7orlu was shaped by the need to design a contemporary and fluid religious facility. While its architectural line progresses parallel to national architectural movements, it also interprets the ideas of courtyard and last prayer room within itself. Religious Architecture Client: Baykar Technologies Location: [&hellip;]<\/p>\n","protected":false},"author":1,"featured_media":0,"parent":0,"menu_order":0,"comment_status":"closed","ping_status":"closed","template":"elementor_header_footer","meta":{"site-sidebar-layout":"no-sidebar","site-content-layout":"page-builder","ast-site-content-layout":"full-width-container","site-content-style":"unboxed","site-sidebar-style":"unboxed","ast-global-header-display":"","ast-banner-title-visibility":"","ast-main-header-display":"","ast-hfb-above-header-display":"","ast-hfb-below-header-display":"","ast-hfb-mobile-header-display":"","site-post-title":"disabled","ast-breadcrumbs-content":"","ast-featured-img":"disabled","footer-sml-layout":"","ast-disable-related-posts":"","theme-transparent-header-meta":"enabled","adv-header-id-meta":"","stick-header-meta":"","header-above-stick-meta":"","header-main-stick-meta":"","header-below-stick-meta":"","astra-migrate-meta-layouts":"set","ast-page-background-enabled":"default","ast-page-background-meta":{"desktop":{"background-color":"","background-image":"","background-repeat":"repeat","background-position":"center center","background-size":"auto","background-attachment":"scroll","background-type":"","background-media":"","overlay-type":"","overlay-color":"","overlay-opacity":"","overlay-gradient":""},"tablet":{"background-color":"","background-image":"","background-repeat":"repeat","background-position":"center center","background-size":"auto","background-attachment":"scroll","background-type":"","background-media":"","overlay-type":"","overlay-color":"","overlay-opacity":"","overlay-gradient":""},"mobile":{"background-color":"","background-image":"","background-repeat":"repeat","background-position":"center center","background-size":"auto","background-attachment":"scroll","background-type":"","background-media":"","overlay-type":"","overlay-color":"","overlay-opacity":"","overlay-gradient":""}},"ast-content-background-meta":{"desktop":{"background-color":"var(--ast-global-color-5)","background-image":"","background-repeat":"repeat","background-position":"center center","background-size":"auto","background-attachment":"scroll","background-type":"","background-media":"","overlay-type":"","overlay-color":"","overlay-opacity":"","overlay-gradient":""},"tablet":{"background-color":"var(--ast-global-color-5)","background-image":"","background-repeat":"repeat","background-position":"center center","background-size":"auto","background-attachment":"scroll","background-type":"","background-media":"","overlay-type":"","overlay-color":"","overlay-opacity":"","overlay-gradient":""},"mobile":{"background-color":"var(--ast-global-color-5)","background-image":"","background-repeat":"repeat","background-position":"center center","background-size":"auto","background-attachment":"scroll","background-type":"","background-media":"","overlay-type":"","overlay-color":"","overlay-opacity":"","overlay-gradient":""}},"footnotes":""},"class_list":["post-7134","page","type-page","status-publish","hentry"],"yoast_head":"<!-- This site is optimized with the Yoast SEO plugin v27.3 - https:\/\/yoast.com\/product\/yoast-seo-wordpress\/ -->\n<title>Baykar \u00c7orlu Mescit - Altstudio<\/title>\n<meta name=\"robots\" content=\"index, follow, max-snippet:-1, max-image-preview:large, max-video-preview:-1\" \/>\n<link rel=\"canonical\" href=\"https:\/\/www.altstudio.com.tr\/tr\/baykar-corlu-mescit\/\" \/>\n<meta property=\"og:locale\" content=\"tr_TR\" \/>\n<meta property=\"og:type\" content=\"article\" \/>\n<meta property=\"og:title\" content=\"Baykar \u00c7orlu Mescit - Altstudio\" \/>\n<meta property=\"og:description\" content=\"Baykar \u00c7orlu Masjid The masjid parcel located within the military land in \u00c7orlu was shaped by the need to design a contemporary and fluid religious facility. While its architectural line progresses parallel to national architectural movements, it also interprets the ideas of courtyard and last prayer room within itself. Religious Architecture Client: Baykar Technologies Location: [&hellip;]\" \/>\n<meta property=\"og:url\" content=\"https:\/\/www.altstudio.com.tr\/tr\/baykar-corlu-mescit\/\" \/>\n<meta property=\"og:site_name\" content=\"Altstudio\" \/>\n<meta property=\"article:modified_time\" content=\"2024-09-18T11:21:17+00:00\" \/>\n<meta property=\"og:image\" content=\"https:\/\/www.altstudio.com.tr\/wp-content\/uploads\/2024\/08\/Corlu-Cami-1-1.jpg\" \/>\n<meta name=\"twitter:card\" content=\"summary_large_image\" \/>\n<meta name=\"twitter:label1\" content=\"Tahmini okuma s\u00fcresi\" \/>\n\t<meta name=\"twitter:data1\" content=\"3 dakika\" \/>\n<script type=\"application\/ld+json\" class=\"yoast-schema-graph\">{\"@context\":\"https:\\\/\\\/schema.org\",\"@graph\":[{\"@type\":\"WebPage\",\"@id\":\"https:\\\/\\\/www.altstudio.com.tr\\\/baykar-corlu-mescit\\\/\",\"url\":\"https:\\\/\\\/www.altstudio.com.tr\\\/baykar-corlu-mescit\\\/\",\"name\":\"Baykar \u00c7orlu Mescit - Altstudio\",\"isPartOf\":{\"@id\":\"https:\\\/\\\/www.altstudio.com.tr\\\/#website\"},\"primaryImageOfPage\":{\"@id\":\"https:\\\/\\\/www.altstudio.com.tr\\\/baykar-corlu-mescit\\\/#primaryimage\"},\"image\":{\"@id\":\"https:\\\/\\\/www.altstudio.com.tr\\\/baykar-corlu-mescit\\\/#primaryimage\"},\"thumbnailUrl\":\"https:\\\/\\\/www.altstudio.com.tr\\\/wp-content\\\/uploads\\\/2024\\\/08\\\/Corlu-Cami-1-1.jpg\",\"datePublished\":\"2024-04-14T15:08:38+00:00\",\"dateModified\":\"2024-09-18T11:21:17+00:00\",\"breadcrumb\":{\"@id\":\"https:\\\/\\\/www.altstudio.com.tr\\\/baykar-corlu-mescit\\\/#breadcrumb\"},\"inLanguage\":\"tr\",\"potentialAction\":[{\"@type\":\"ReadAction\",\"target\":[\"https:\\\/\\\/www.altstudio.com.tr\\\/baykar-corlu-mescit\\\/\"]}]},{\"@type\":\"ImageObject\",\"inLanguage\":\"tr\",\"@id\":\"https:\\\/\\\/www.altstudio.com.tr\\\/baykar-corlu-mescit\\\/#primaryimage\",\"url\":\"https:\\\/\\\/www.altstudio.com.tr\\\/wp-content\\\/uploads\\\/2024\\\/08\\\/Corlu-Cami-1-1.jpg\",\"contentUrl\":\"https:\\\/\\\/www.altstudio.com.tr\\\/wp-content\\\/uploads\\\/2024\\\/08\\\/Corlu-Cami-1-1.jpg\"},{\"@type\":\"BreadcrumbList\",\"@id\":\"https:\\\/\\\/www.altstudio.com.tr\\\/baykar-corlu-mescit\\\/#breadcrumb\",\"itemListElement\":[{\"@type\":\"ListItem\",\"position\":1,\"name\":\"Home\",\"item\":\"https:\\\/\\\/www.altstudio.com.tr\\\/\"},{\"@type\":\"ListItem\",\"position\":2,\"name\":\"Baykar \u00c7orlu Mescit\"}]},{\"@type\":\"WebSite\",\"@id\":\"https:\\\/\\\/www.altstudio.com.tr\\\/#website\",\"url\":\"https:\\\/\\\/www.altstudio.com.tr\\\/\",\"name\":\"Altstudio\",\"description\":\"works.thinks.creates.architecture\",\"publisher\":{\"@id\":\"https:\\\/\\\/www.altstudio.com.tr\\\/#organization\"},\"potentialAction\":[{\"@type\":\"SearchAction\",\"target\":{\"@type\":\"EntryPoint\",\"urlTemplate\":\"https:\\\/\\\/www.altstudio.com.tr\\\/?s={search_term_string}\"},\"query-input\":{\"@type\":\"PropertyValueSpecification\",\"valueRequired\":true,\"valueName\":\"search_term_string\"}}],\"inLanguage\":\"tr\"},{\"@type\":\"Organization\",\"@id\":\"https:\\\/\\\/www.altstudio.com.tr\\\/#organization\",\"name\":\"Alt studio\",\"url\":\"https:\\\/\\\/www.altstudio.com.tr\\\/\",\"logo\":{\"@type\":\"ImageObject\",\"inLanguage\":\"tr\",\"@id\":\"https:\\\/\\\/www.altstudio.com.tr\\\/#\\\/schema\\\/logo\\\/image\\\/\",\"url\":\"https:\\\/\\\/www.altstudio.com.tr\\\/wp-content\\\/uploads\\\/2024\\\/04\\\/LOGO.jpg\",\"contentUrl\":\"https:\\\/\\\/www.altstudio.com.tr\\\/wp-content\\\/uploads\\\/2024\\\/04\\\/LOGO.jpg\",\"width\":1330,\"height\":384,\"caption\":\"Alt studio\"},\"image\":{\"@id\":\"https:\\\/\\\/www.altstudio.com.tr\\\/#\\\/schema\\\/logo\\\/image\\\/\"},\"sameAs\":[\"https:\\\/\\\/www.instagram.com\\\/thealtstudio\\\/\"]}]}<\/script>\n<!-- \/ Yoast SEO plugin. -->","yoast_head_json":{"title":"Baykar \u00c7orlu Mescit - Altstudio","robots":{"index":"index","follow":"follow","max-snippet":"max-snippet:-1","max-image-preview":"max-image-preview:large","max-video-preview":"max-video-preview:-1"},"canonical":"https:\/\/www.altstudio.com.tr\/tr\/baykar-corlu-mescit\/","og_locale":"tr_TR","og_type":"article","og_title":"Baykar \u00c7orlu Mescit - Altstudio","og_description":"Baykar \u00c7orlu Masjid The masjid parcel located within the military land in \u00c7orlu was shaped by the need to design a contemporary and fluid religious facility. While its architectural line progresses parallel to national architectural movements, it also interprets the ideas of courtyard and last prayer room within itself. Religious Architecture Client: Baykar Technologies Location: [&hellip;]","og_url":"https:\/\/www.altstudio.com.tr\/tr\/baykar-corlu-mescit\/","og_site_name":"Altstudio","article_modified_time":"2024-09-18T11:21:17+00:00","og_image":[{"url":"https:\/\/www.altstudio.com.tr\/wp-content\/uploads\/2024\/08\/Corlu-Cami-1-1.jpg","type":"","width":"","height":""}],"twitter_card":"summary_large_image","twitter_misc":{"Tahmini okuma s\u00fcresi":"3 dakika"},"schema":{"@context":"https:\/\/schema.org","@graph":[{"@type":"WebPage","@id":"https:\/\/www.altstudio.com.tr\/baykar-corlu-mescit\/","url":"https:\/\/www.altstudio.com.tr\/baykar-corlu-mescit\/","name":"Baykar \u00c7orlu Mescit - Altstudio","isPartOf":{"@id":"https:\/\/www.altstudio.com.tr\/#website"},"primaryImageOfPage":{"@id":"https:\/\/www.altstudio.com.tr\/baykar-corlu-mescit\/#primaryimage"},"image":{"@id":"https:\/\/www.altstudio.com.tr\/baykar-corlu-mescit\/#primaryimage"},"thumbnailUrl":"https:\/\/www.altstudio.com.tr\/wp-content\/uploads\/2024\/08\/Corlu-Cami-1-1.jpg","datePublished":"2024-04-14T15:08:38+00:00","dateModified":"2024-09-18T11:21:17+00:00","breadcrumb":{"@id":"https:\/\/www.altstudio.com.tr\/baykar-corlu-mescit\/#breadcrumb"},"inLanguage":"tr","potentialAction":[{"@type":"ReadAction","target":["https:\/\/www.altstudio.com.tr\/baykar-corlu-mescit\/"]}]},{"@type":"ImageObject","inLanguage":"tr","@id":"https:\/\/www.altstudio.com.tr\/baykar-corlu-mescit\/#primaryimage","url":"https:\/\/www.altstudio.com.tr\/wp-content\/uploads\/2024\/08\/Corlu-Cami-1-1.jpg","contentUrl":"https:\/\/www.altstudio.com.tr\/wp-content\/uploads\/2024\/08\/Corlu-Cami-1-1.jpg"},{"@type":"BreadcrumbList","@id":"https:\/\/www.altstudio.com.tr\/baykar-corlu-mescit\/#breadcrumb","itemListElement":[{"@type":"ListItem","position":1,"name":"Home","item":"https:\/\/www.altstudio.com.tr\/"},{"@type":"ListItem","position":2,"name":"Baykar \u00c7orlu Mescit"}]},{"@type":"WebSite","@id":"https:\/\/www.altstudio.com.tr\/#website","url":"https:\/\/www.altstudio.com.tr\/","name":"Altstudio","description":"works.thinks.creates.architecture","publisher":{"@id":"https:\/\/www.altstudio.com.tr\/#organization"},"potentialAction":[{"@type":"SearchAction","target":{"@type":"EntryPoint","urlTemplate":"https:\/\/www.altstudio.com.tr\/?s={search_term_string}"},"query-input":{"@type":"PropertyValueSpecification","valueRequired":true,"valueName":"search_term_string"}}],"inLanguage":"tr"},{"@type":"Organization","@id":"https:\/\/www.altstudio.com.tr\/#organization","name":"Alt studio","url":"https:\/\/www.altstudio.com.tr\/","logo":{"@type":"ImageObject","inLanguage":"tr","@id":"https:\/\/www.altstudio.com.tr\/#\/schema\/logo\/image\/","url":"https:\/\/www.altstudio.com.tr\/wp-content\/uploads\/2024\/04\/LOGO.jpg","contentUrl":"https:\/\/www.altstudio.com.tr\/wp-content\/uploads\/2024\/04\/LOGO.jpg","width":1330,"height":384,"caption":"Alt studio"},"image":{"@id":"https:\/\/www.altstudio.com.tr\/#\/schema\/logo\/image\/"},"sameAs":["https:\/\/www.instagram.com\/thealtstudio\/"]}]}},"_links":{"self":[{"href":"https:\/\/www.altstudio.com.tr\/tr\/wp-json\/wp\/v2\/pages\/7134","targetHints":{"allow":["GET"]}}],"collection":[{"href":"https:\/\/www.altstudio.com.tr\/tr\/wp-json\/wp\/v2\/pages"}],"about":[{"href":"https:\/\/www.altstudio.com.tr\/tr\/wp-json\/wp\/v2\/types\/page"}],"author":[{"embeddable":true,"href":"https:\/\/www.altstudio.com.tr\/tr\/wp-json\/wp\/v2\/users\/1"}],"replies":[{"embeddable":true,"href":"https:\/\/www.altstudio.com.tr\/tr\/wp-json\/wp\/v2\/comments?post=7134"}],"version-history":[{"count":38,"href":"https:\/\/www.altstudio.com.tr\/tr\/wp-json\/wp\/v2\/pages\/7134\/revisions"}],"predecessor-version":[{"id":8231,"href":"https:\/\/www.altstudio.com.tr\/tr\/wp-json\/wp\/v2\/pages\/7134\/revisions\/8231"}],"wp:attachment":[{"href":"https:\/\/www.altstudio.com.tr\/tr\/wp-json\/wp\/v2\/media?parent=7134"}],"curies":[{"name":"wp","href":"https:\/\/api.w.org\/{rel}","templated":true}]}}