{"id":7177,"date":"2024-04-14T18:34:36","date_gmt":"2024-04-14T15:34:36","guid":{"rendered":"https:\/\/www.altstudio.com.tr\/?page_id=7177"},"modified":"2024-09-18T14:20:18","modified_gmt":"2024-09-18T11:20:18","slug":"traverse-ic-mimari","status":"publish","type":"page","link":"https:\/\/www.altstudio.com.tr\/tr\/traverse-ic-mimari\/","title":{"rendered":"Traverse \u0130\u00e7 Mimari"},"content":{"rendered":"<div data-elementor-type=\"wp-post\" data-elementor-id=\"7177\" class=\"elementor elementor-7177\" data-elementor-settings=\"{&quot;ha_cmc_init_switcher&quot;:&quot;no&quot;}\">\n\t\t\t\t\t\t<section class=\"elementor-section elementor-top-section elementor-element elementor-element-bf93b72 elementor-section-full_width elementor-section-height-default elementor-section-height-default\" data-id=\"bf93b72\" data-element_type=\"section\" data-e-type=\"section\" data-settings=\"{&quot;_ha_eqh_enable&quot;:false}\">\n\t\t\t\t\t\t<div class=\"elementor-container elementor-column-gap-default\">\n\t\t\t\t\t<div class=\"elementor-column elementor-col-50 elementor-top-column elementor-element elementor-element-8f8d21c\" data-id=\"8f8d21c\" data-element_type=\"column\" data-e-type=\"column\">\n\t\t\t<div class=\"elementor-widget-wrap elementor-element-populated\">\n\t\t\t\t\t\t<div class=\"elementor-element elementor-element-89ef751 elementor-widget elementor-widget-image-box\" data-id=\"89ef751\" data-element_type=\"widget\" data-e-type=\"widget\" data-widget_type=\"image-box.default\">\n\t\t\t\t<div class=\"elementor-widget-container\">\n\t\t\t\t\t<div class=\"elementor-image-box-wrapper\"><div class=\"elementor-image-box-content\"><h3 class=\"elementor-image-box-title\">Traverse - \u0130\u00e7 Mimari<\/h3><p class=\"elementor-image-box-description\">Grand Traverse \u015fehrinde bulunan tek katl\u0131 m\u00fc\u015ftemilat binas\u0131n\u0131n a\u00e7\u0131k mutfakl\u0131 bir ya\u015fam alan\u0131 olarak kurgulanmas\u0131 s\u00fcrecinde g\u00fcnl\u00fck ya\u015fama uygun ve konfor gereksinimlerini fazlas\u0131yla sa\u011flayacak bir tasar\u0131m \u00e7izgisi tercih edildi. Tek bir mahal i\u00e7erisinde bulunan birden fazla i\u015flev, mobilya ve renk \u00f6beklerinin oranlar\u0131yla ayr\u0131\u015ft\u0131r\u0131larak mahal i\u00e7erisinde alan tan\u0131mlamalar\u0131 yap\u0131ld\u0131.<\/p><\/div><\/div>\t\t\t\t<\/div>\n\t\t\t\t<\/div>\n\t\t\t\t\t<\/div>\n\t\t<\/div>\n\t\t\t\t<div class=\"elementor-column elementor-col-50 elementor-top-column elementor-element elementor-element-0da9ffe\" data-id=\"0da9ffe\" data-element_type=\"column\" data-e-type=\"column\">\n\t\t\t<div class=\"elementor-widget-wrap elementor-element-populated\">\n\t\t\t\t\t\t<div class=\"elementor-element elementor-element-a7a8e56 elementor-widget elementor-widget-image-box\" data-id=\"a7a8e56\" data-element_type=\"widget\" data-e-type=\"widget\" data-widget_type=\"image-box.default\">\n\t\t\t\t<div class=\"elementor-widget-container\">\n\t\t\t\t\t<div class=\"elementor-image-box-wrapper\"><div class=\"elementor-image-box-content\"><h3 class=\"elementor-image-box-title\">\u0130\u00e7 Mekan Tasar\u0131m\u0131<\/h3><p class=\"elementor-image-box-description translation-block\"><b>\u0130\u015fveren: <\/b>Traverse City Inc.<br>\n\n<b>Yer: <\/b>Michigan - Grand Traverse<br>\n\n<b>Tarih: <\/b>2022<br>\n\n<b>Proje Durumu:<\/b> Projelendirme<\/p><\/div><\/div>\t\t\t\t<\/div>\n\t\t\t\t<\/div>\n\t\t\t\t\t<\/div>\n\t\t<\/div>\n\t\t\t\t\t<\/div>\n\t\t<\/section>\n\t\t\t\t<section class=\"elementor-section elementor-top-section elementor-element elementor-element-c06d211 elementor-section-full_width elementor-section-height-default elementor-section-height-default\" data-id=\"c06d211\" data-element_type=\"section\" data-e-type=\"section\" data-settings=\"{&quot;_ha_eqh_enable&quot;:false}\">\n\t\t\t\t\t\t<div class=\"elementor-container elementor-column-gap-no\">\n\t\t\t\t\t<div class=\"elementor-column elementor-col-33 elementor-top-column elementor-element elementor-element-258a988\" data-id=\"258a988\" data-element_type=\"column\" data-e-type=\"column\">\n\t\t\t<div class=\"elementor-widget-wrap elementor-element-populated\">\n\t\t\t\t\t\t<div class=\"elementor-element elementor-element-c3c5494 elementor-widget elementor-widget-image\" data-id=\"c3c5494\" data-element_type=\"widget\" data-e-type=\"widget\" data-widget_type=\"image.default\">\n\t\t\t\t<div class=\"elementor-widget-container\">\n\t\t\t\t\t\t\t\t\t\t\t\t\t\t\t<img fetchpriority=\"high\" decoding=\"async\" width=\"960\" height=\"1620\" src=\"https:\/\/www.altstudio.com.tr\/wp-content\/uploads\/2024\/08\/Interior-dusey-1-1.jpg\" class=\"attachment-full size-full wp-image-7748\" alt=\"\" srcset=\"https:\/\/www.altstudio.com.tr\/wp-content\/uploads\/2024\/08\/Interior-dusey-1-1.jpg 960w, https:\/\/www.altstudio.com.tr\/wp-content\/uploads\/2024\/08\/Interior-dusey-1-1-178x300.jpg 178w, https:\/\/www.altstudio.com.tr\/wp-content\/uploads\/2024\/08\/Interior-dusey-1-1-607x1024.jpg 607w, https:\/\/www.altstudio.com.tr\/wp-content\/uploads\/2024\/08\/Interior-dusey-1-1-768x1296.jpg 768w, https:\/\/www.altstudio.com.tr\/wp-content\/uploads\/2024\/08\/Interior-dusey-1-1-910x1536.jpg 910w, https:\/\/www.altstudio.com.tr\/wp-content\/uploads\/2024\/08\/Interior-dusey-1-1-7x12.jpg 7w\" sizes=\"(max-width: 960px) 100vw, 960px\" \/>\t\t\t\t\t\t\t\t\t\t\t\t\t\t\t<\/div>\n\t\t\t\t<\/div>\n\t\t\t\t<div class=\"elementor-element elementor-element-46c4636 elementor-widget elementor-widget-image\" data-id=\"46c4636\" data-element_type=\"widget\" data-e-type=\"widget\" data-widget_type=\"image.default\">\n\t\t\t\t<div class=\"elementor-widget-container\">\n\t\t\t\t\t\t\t\t\t\t\t\t\t\t\t<img decoding=\"async\" width=\"960\" height=\"540\" src=\"https:\/\/www.altstudio.com.tr\/wp-content\/uploads\/2024\/08\/Interior-3-k.jpg\" class=\"attachment-full size-full wp-image-7746\" alt=\"\" srcset=\"https:\/\/www.altstudio.com.tr\/wp-content\/uploads\/2024\/08\/Interior-3-k.jpg 960w, https:\/\/www.altstudio.com.tr\/wp-content\/uploads\/2024\/08\/Interior-3-k-300x169.jpg 300w, https:\/\/www.altstudio.com.tr\/wp-content\/uploads\/2024\/08\/Interior-3-k-768x432.jpg 768w, https:\/\/www.altstudio.com.tr\/wp-content\/uploads\/2024\/08\/Interior-3-k-18x10.jpg 18w\" sizes=\"(max-width: 960px) 100vw, 960px\" \/>\t\t\t\t\t\t\t\t\t\t\t\t\t\t\t<\/div>\n\t\t\t\t<\/div>\n\t\t\t\t\t<\/div>\n\t\t<\/div>\n\t\t\t\t<div class=\"elementor-column elementor-col-66 elementor-top-column elementor-element elementor-element-5dea708\" data-id=\"5dea708\" data-element_type=\"column\" data-e-type=\"column\">\n\t\t\t<div class=\"elementor-widget-wrap elementor-element-populated\">\n\t\t\t\t\t\t<div class=\"elementor-element elementor-element-4ad86ec elementor-widget elementor-widget-image\" data-id=\"4ad86ec\" data-element_type=\"widget\" data-e-type=\"widget\" data-widget_type=\"image.default\">\n\t\t\t\t<div class=\"elementor-widget-container\">\n\t\t\t\t\t\t\t\t\t\t\t\t\t\t\t<img decoding=\"async\" width=\"1920\" height=\"1080\" src=\"https:\/\/www.altstudio.com.tr\/wp-content\/uploads\/2024\/08\/Interior-1.jpg\" class=\"attachment-full size-full wp-image-7744\" alt=\"\" srcset=\"https:\/\/www.altstudio.com.tr\/wp-content\/uploads\/2024\/08\/Interior-1.jpg 1920w, https:\/\/www.altstudio.com.tr\/wp-content\/uploads\/2024\/08\/Interior-1-300x169.jpg 300w, https:\/\/www.altstudio.com.tr\/wp-content\/uploads\/2024\/08\/Interior-1-1024x576.jpg 1024w, https:\/\/www.altstudio.com.tr\/wp-content\/uploads\/2024\/08\/Interior-1-768x432.jpg 768w, https:\/\/www.altstudio.com.tr\/wp-content\/uploads\/2024\/08\/Interior-1-1536x864.jpg 1536w, https:\/\/www.altstudio.com.tr\/wp-content\/uploads\/2024\/08\/Interior-1-18x10.jpg 18w\" sizes=\"(max-width: 1920px) 100vw, 1920px\" \/>\t\t\t\t\t\t\t\t\t\t\t\t\t\t\t<\/div>\n\t\t\t\t<\/div>\n\t\t\t\t<div class=\"elementor-element elementor-element-d39cd0d elementor-widget elementor-widget-image\" data-id=\"d39cd0d\" data-element_type=\"widget\" data-e-type=\"widget\" data-widget_type=\"image.default\">\n\t\t\t\t<div class=\"elementor-widget-container\">\n\t\t\t\t\t\t\t\t\t\t\t\t\t\t\t<img loading=\"lazy\" decoding=\"async\" width=\"1920\" height=\"1080\" src=\"https:\/\/www.altstudio.com.tr\/wp-content\/uploads\/2024\/08\/Interior-2-1.jpg\" class=\"attachment-full size-full wp-image-7745\" alt=\"\" srcset=\"https:\/\/www.altstudio.com.tr\/wp-content\/uploads\/2024\/08\/Interior-2-1.jpg 1920w, https:\/\/www.altstudio.com.tr\/wp-content\/uploads\/2024\/08\/Interior-2-1-300x169.jpg 300w, https:\/\/www.altstudio.com.tr\/wp-content\/uploads\/2024\/08\/Interior-2-1-1024x576.jpg 1024w, https:\/\/www.altstudio.com.tr\/wp-content\/uploads\/2024\/08\/Interior-2-1-768x432.jpg 768w, https:\/\/www.altstudio.com.tr\/wp-content\/uploads\/2024\/08\/Interior-2-1-1536x864.jpg 1536w, https:\/\/www.altstudio.com.tr\/wp-content\/uploads\/2024\/08\/Interior-2-1-18x10.jpg 18w\" sizes=\"(max-width: 1920px) 100vw, 1920px\" \/>\t\t\t\t\t\t\t\t\t\t\t\t\t\t\t<\/div>\n\t\t\t\t<\/div>\n\t\t\t\t\t<\/div>\n\t\t<\/div>\n\t\t\t\t\t<\/div>\n\t\t<\/section>\n\t\t\t\t<\/div>","protected":false},"excerpt":{"rendered":"<p>Traverse \u2013 Interior In the process of designing the single-storey outbuilding located in the city of Grand Traverse as a living space with an open kitchen, a design line that was suitable for daily life and would provide more than the comfort requirements was preferred. Multiple functions in a single space were separated by the [&hellip;]<\/p>\n","protected":false},"author":1,"featured_media":0,"parent":0,"menu_order":0,"comment_status":"closed","ping_status":"closed","template":"elementor_header_footer","meta":{"site-sidebar-layout":"no-sidebar","site-content-layout":"page-builder","ast-site-content-layout":"full-width-container","site-content-style":"unboxed","site-sidebar-style":"unboxed","ast-global-header-display":"","ast-banner-title-visibility":"","ast-main-header-display":"","ast-hfb-above-header-display":"","ast-hfb-below-header-display":"","ast-hfb-mobile-header-display":"","site-post-title":"disabled","ast-breadcrumbs-content":"","ast-featured-img":"disabled","footer-sml-layout":"","ast-disable-related-posts":"","theme-transparent-header-meta":"enabled","adv-header-id-meta":"","stick-header-meta":"","header-above-stick-meta":"","header-main-stick-meta":"","header-below-stick-meta":"","astra-migrate-meta-layouts":"set","ast-page-background-enabled":"default","ast-page-background-meta":{"desktop":{"background-color":"","background-image":"","background-repeat":"repeat","background-position":"center center","background-size":"auto","background-attachment":"scroll","background-type":"","background-media":"","overlay-type":"","overlay-color":"","overlay-opacity":"","overlay-gradient":""},"tablet":{"background-color":"","background-image":"","background-repeat":"repeat","background-position":"center center","background-size":"auto","background-attachment":"scroll","background-type":"","background-media":"","overlay-type":"","overlay-color":"","overlay-opacity":"","overlay-gradient":""},"mobile":{"background-color":"","background-image":"","background-repeat":"repeat","background-position":"center center","background-size":"auto","background-attachment":"scroll","background-type":"","background-media":"","overlay-type":"","overlay-color":"","overlay-opacity":"","overlay-gradient":""}},"ast-content-background-meta":{"desktop":{"background-color":"var(--ast-global-color-5)","background-image":"","background-repeat":"repeat","background-position":"center center","background-size":"auto","background-attachment":"scroll","background-type":"","background-media":"","overlay-type":"","overlay-color":"","overlay-opacity":"","overlay-gradient":""},"tablet":{"background-color":"var(--ast-global-color-5)","background-image":"","background-repeat":"repeat","background-position":"center center","background-size":"auto","background-attachment":"scroll","background-type":"","background-media":"","overlay-type":"","overlay-color":"","overlay-opacity":"","overlay-gradient":""},"mobile":{"background-color":"var(--ast-global-color-5)","background-image":"","background-repeat":"repeat","background-position":"center center","background-size":"auto","background-attachment":"scroll","background-type":"","background-media":"","overlay-type":"","overlay-color":"","overlay-opacity":"","overlay-gradient":""}},"footnotes":""},"class_list":["post-7177","page","type-page","status-publish","hentry"],"yoast_head":"<!-- This site is optimized with the Yoast SEO plugin v27.3 - https:\/\/yoast.com\/product\/yoast-seo-wordpress\/ -->\n<title>Traverse \u0130\u00e7 Mimari - Altstudio<\/title>\n<meta name=\"description\" content=\"Traverse - \u0130\u00e7 Mimari - M\u00fc\u015ftemilat yap\u0131s\u0131n\u0131n tasar\u0131m\u0131nda ya\u015fama uygun ve konfor gereksinimlerini sa\u011flayacak bir tasar\u0131m tercih edildi.\" \/>\n<meta name=\"robots\" content=\"index, follow, max-snippet:-1, max-image-preview:large, max-video-preview:-1\" \/>\n<link rel=\"canonical\" href=\"https:\/\/www.altstudio.com.tr\/tr\/traverse-ic-mimari\/\" \/>\n<meta property=\"og:locale\" content=\"tr_TR\" \/>\n<meta property=\"og:type\" content=\"article\" \/>\n<meta property=\"og:title\" content=\"Traverse \u0130\u00e7 Mimari - Altstudio\" \/>\n<meta property=\"og:description\" content=\"Traverse - \u0130\u00e7 Mimari - M\u00fc\u015ftemilat yap\u0131s\u0131n\u0131n tasar\u0131m\u0131nda ya\u015fama uygun ve konfor gereksinimlerini sa\u011flayacak bir tasar\u0131m tercih edildi.\" \/>\n<meta property=\"og:url\" content=\"https:\/\/www.altstudio.com.tr\/tr\/traverse-ic-mimari\/\" \/>\n<meta property=\"og:site_name\" content=\"Altstudio\" \/>\n<meta property=\"article:modified_time\" content=\"2024-09-18T11:20:18+00:00\" \/>\n<meta property=\"og:image\" content=\"https:\/\/www.altstudio.com.tr\/wp-content\/uploads\/2024\/08\/Interior-dusey-1-1.jpg\" \/>\n<meta name=\"twitter:card\" content=\"summary_large_image\" \/>\n<meta name=\"twitter:label1\" content=\"Tahmini okuma s\u00fcresi\" \/>\n\t<meta name=\"twitter:data1\" content=\"2 dakika\" \/>\n<script type=\"application\/ld+json\" class=\"yoast-schema-graph\">{\"@context\":\"https:\\\/\\\/schema.org\",\"@graph\":[{\"@type\":\"WebPage\",\"@id\":\"https:\\\/\\\/www.altstudio.com.tr\\\/traverse-ic-mimari\\\/\",\"url\":\"https:\\\/\\\/www.altstudio.com.tr\\\/traverse-ic-mimari\\\/\",\"name\":\"Traverse \u0130\u00e7 Mimari - Altstudio\",\"isPartOf\":{\"@id\":\"https:\\\/\\\/www.altstudio.com.tr\\\/#website\"},\"primaryImageOfPage\":{\"@id\":\"https:\\\/\\\/www.altstudio.com.tr\\\/traverse-ic-mimari\\\/#primaryimage\"},\"image\":{\"@id\":\"https:\\\/\\\/www.altstudio.com.tr\\\/traverse-ic-mimari\\\/#primaryimage\"},\"thumbnailUrl\":\"https:\\\/\\\/www.altstudio.com.tr\\\/wp-content\\\/uploads\\\/2024\\\/08\\\/Interior-dusey-1-1.jpg\",\"datePublished\":\"2024-04-14T15:34:36+00:00\",\"dateModified\":\"2024-09-18T11:20:18+00:00\",\"description\":\"Traverse - \u0130\u00e7 Mimari - M\u00fc\u015ftemilat yap\u0131s\u0131n\u0131n tasar\u0131m\u0131nda ya\u015fama uygun ve konfor gereksinimlerini sa\u011flayacak bir tasar\u0131m tercih edildi.\",\"breadcrumb\":{\"@id\":\"https:\\\/\\\/www.altstudio.com.tr\\\/traverse-ic-mimari\\\/#breadcrumb\"},\"inLanguage\":\"tr\",\"potentialAction\":[{\"@type\":\"ReadAction\",\"target\":[\"https:\\\/\\\/www.altstudio.com.tr\\\/traverse-ic-mimari\\\/\"]}]},{\"@type\":\"ImageObject\",\"inLanguage\":\"tr\",\"@id\":\"https:\\\/\\\/www.altstudio.com.tr\\\/traverse-ic-mimari\\\/#primaryimage\",\"url\":\"https:\\\/\\\/www.altstudio.com.tr\\\/wp-content\\\/uploads\\\/2024\\\/08\\\/Interior-dusey-1-1.jpg\",\"contentUrl\":\"https:\\\/\\\/www.altstudio.com.tr\\\/wp-content\\\/uploads\\\/2024\\\/08\\\/Interior-dusey-1-1.jpg\"},{\"@type\":\"BreadcrumbList\",\"@id\":\"https:\\\/\\\/www.altstudio.com.tr\\\/traverse-ic-mimari\\\/#breadcrumb\",\"itemListElement\":[{\"@type\":\"ListItem\",\"position\":1,\"name\":\"Home\",\"item\":\"https:\\\/\\\/www.altstudio.com.tr\\\/\"},{\"@type\":\"ListItem\",\"position\":2,\"name\":\"Traverse \u0130\u00e7 Mimari\"}]},{\"@type\":\"WebSite\",\"@id\":\"https:\\\/\\\/www.altstudio.com.tr\\\/#website\",\"url\":\"https:\\\/\\\/www.altstudio.com.tr\\\/\",\"name\":\"Altstudio\",\"description\":\"works.thinks.creates.architecture\",\"publisher\":{\"@id\":\"https:\\\/\\\/www.altstudio.com.tr\\\/#organization\"},\"potentialAction\":[{\"@type\":\"SearchAction\",\"target\":{\"@type\":\"EntryPoint\",\"urlTemplate\":\"https:\\\/\\\/www.altstudio.com.tr\\\/?s={search_term_string}\"},\"query-input\":{\"@type\":\"PropertyValueSpecification\",\"valueRequired\":true,\"valueName\":\"search_term_string\"}}],\"inLanguage\":\"tr\"},{\"@type\":\"Organization\",\"@id\":\"https:\\\/\\\/www.altstudio.com.tr\\\/#organization\",\"name\":\"Alt studio\",\"url\":\"https:\\\/\\\/www.altstudio.com.tr\\\/\",\"logo\":{\"@type\":\"ImageObject\",\"inLanguage\":\"tr\",\"@id\":\"https:\\\/\\\/www.altstudio.com.tr\\\/#\\\/schema\\\/logo\\\/image\\\/\",\"url\":\"https:\\\/\\\/www.altstudio.com.tr\\\/wp-content\\\/uploads\\\/2024\\\/04\\\/LOGO.jpg\",\"contentUrl\":\"https:\\\/\\\/www.altstudio.com.tr\\\/wp-content\\\/uploads\\\/2024\\\/04\\\/LOGO.jpg\",\"width\":1330,\"height\":384,\"caption\":\"Alt studio\"},\"image\":{\"@id\":\"https:\\\/\\\/www.altstudio.com.tr\\\/#\\\/schema\\\/logo\\\/image\\\/\"},\"sameAs\":[\"https:\\\/\\\/www.instagram.com\\\/thealtstudio\\\/\"]}]}<\/script>\n<!-- \/ Yoast SEO plugin. -->","yoast_head_json":{"title":"Traverse \u0130\u00e7 Mimari - Altstudio","description":"Traverse - \u0130\u00e7 Mimari - M\u00fc\u015ftemilat yap\u0131s\u0131n\u0131n tasar\u0131m\u0131nda ya\u015fama uygun ve konfor gereksinimlerini sa\u011flayacak bir tasar\u0131m tercih edildi.","robots":{"index":"index","follow":"follow","max-snippet":"max-snippet:-1","max-image-preview":"max-image-preview:large","max-video-preview":"max-video-preview:-1"},"canonical":"https:\/\/www.altstudio.com.tr\/tr\/traverse-ic-mimari\/","og_locale":"tr_TR","og_type":"article","og_title":"Traverse \u0130\u00e7 Mimari - Altstudio","og_description":"Traverse - \u0130\u00e7 Mimari - M\u00fc\u015ftemilat yap\u0131s\u0131n\u0131n tasar\u0131m\u0131nda ya\u015fama uygun ve konfor gereksinimlerini sa\u011flayacak bir tasar\u0131m tercih edildi.","og_url":"https:\/\/www.altstudio.com.tr\/tr\/traverse-ic-mimari\/","og_site_name":"Altstudio","article_modified_time":"2024-09-18T11:20:18+00:00","og_image":[{"url":"https:\/\/www.altstudio.com.tr\/wp-content\/uploads\/2024\/08\/Interior-dusey-1-1.jpg","type":"","width":"","height":""}],"twitter_card":"summary_large_image","twitter_misc":{"Tahmini okuma s\u00fcresi":"2 dakika"},"schema":{"@context":"https:\/\/schema.org","@graph":[{"@type":"WebPage","@id":"https:\/\/www.altstudio.com.tr\/traverse-ic-mimari\/","url":"https:\/\/www.altstudio.com.tr\/traverse-ic-mimari\/","name":"Traverse \u0130\u00e7 Mimari - Altstudio","isPartOf":{"@id":"https:\/\/www.altstudio.com.tr\/#website"},"primaryImageOfPage":{"@id":"https:\/\/www.altstudio.com.tr\/traverse-ic-mimari\/#primaryimage"},"image":{"@id":"https:\/\/www.altstudio.com.tr\/traverse-ic-mimari\/#primaryimage"},"thumbnailUrl":"https:\/\/www.altstudio.com.tr\/wp-content\/uploads\/2024\/08\/Interior-dusey-1-1.jpg","datePublished":"2024-04-14T15:34:36+00:00","dateModified":"2024-09-18T11:20:18+00:00","description":"Traverse - \u0130\u00e7 Mimari - M\u00fc\u015ftemilat yap\u0131s\u0131n\u0131n tasar\u0131m\u0131nda ya\u015fama uygun ve konfor gereksinimlerini sa\u011flayacak bir tasar\u0131m tercih edildi.","breadcrumb":{"@id":"https:\/\/www.altstudio.com.tr\/traverse-ic-mimari\/#breadcrumb"},"inLanguage":"tr","potentialAction":[{"@type":"ReadAction","target":["https:\/\/www.altstudio.com.tr\/traverse-ic-mimari\/"]}]},{"@type":"ImageObject","inLanguage":"tr","@id":"https:\/\/www.altstudio.com.tr\/traverse-ic-mimari\/#primaryimage","url":"https:\/\/www.altstudio.com.tr\/wp-content\/uploads\/2024\/08\/Interior-dusey-1-1.jpg","contentUrl":"https:\/\/www.altstudio.com.tr\/wp-content\/uploads\/2024\/08\/Interior-dusey-1-1.jpg"},{"@type":"BreadcrumbList","@id":"https:\/\/www.altstudio.com.tr\/traverse-ic-mimari\/#breadcrumb","itemListElement":[{"@type":"ListItem","position":1,"name":"Home","item":"https:\/\/www.altstudio.com.tr\/"},{"@type":"ListItem","position":2,"name":"Traverse \u0130\u00e7 Mimari"}]},{"@type":"WebSite","@id":"https:\/\/www.altstudio.com.tr\/#website","url":"https:\/\/www.altstudio.com.tr\/","name":"Altstudio","description":"works.thinks.creates.architecture","publisher":{"@id":"https:\/\/www.altstudio.com.tr\/#organization"},"potentialAction":[{"@type":"SearchAction","target":{"@type":"EntryPoint","urlTemplate":"https:\/\/www.altstudio.com.tr\/?s={search_term_string}"},"query-input":{"@type":"PropertyValueSpecification","valueRequired":true,"valueName":"search_term_string"}}],"inLanguage":"tr"},{"@type":"Organization","@id":"https:\/\/www.altstudio.com.tr\/#organization","name":"Alt studio","url":"https:\/\/www.altstudio.com.tr\/","logo":{"@type":"ImageObject","inLanguage":"tr","@id":"https:\/\/www.altstudio.com.tr\/#\/schema\/logo\/image\/","url":"https:\/\/www.altstudio.com.tr\/wp-content\/uploads\/2024\/04\/LOGO.jpg","contentUrl":"https:\/\/www.altstudio.com.tr\/wp-content\/uploads\/2024\/04\/LOGO.jpg","width":1330,"height":384,"caption":"Alt studio"},"image":{"@id":"https:\/\/www.altstudio.com.tr\/#\/schema\/logo\/image\/"},"sameAs":["https:\/\/www.instagram.com\/thealtstudio\/"]}]}},"_links":{"self":[{"href":"https:\/\/www.altstudio.com.tr\/tr\/wp-json\/wp\/v2\/pages\/7177","targetHints":{"allow":["GET"]}}],"collection":[{"href":"https:\/\/www.altstudio.com.tr\/tr\/wp-json\/wp\/v2\/pages"}],"about":[{"href":"https:\/\/www.altstudio.com.tr\/tr\/wp-json\/wp\/v2\/types\/page"}],"author":[{"embeddable":true,"href":"https:\/\/www.altstudio.com.tr\/tr\/wp-json\/wp\/v2\/users\/1"}],"replies":[{"embeddable":true,"href":"https:\/\/www.altstudio.com.tr\/tr\/wp-json\/wp\/v2\/comments?post=7177"}],"version-history":[{"count":25,"href":"https:\/\/www.altstudio.com.tr\/tr\/wp-json\/wp\/v2\/pages\/7177\/revisions"}],"predecessor-version":[{"id":8228,"href":"https:\/\/www.altstudio.com.tr\/tr\/wp-json\/wp\/v2\/pages\/7177\/revisions\/8228"}],"wp:attachment":[{"href":"https:\/\/www.altstudio.com.tr\/tr\/wp-json\/wp\/v2\/media?parent=7177"}],"curies":[{"name":"wp","href":"https:\/\/api.w.org\/{rel}","templated":true}]}}