{"id":7882,"date":"2024-08-20T16:46:19","date_gmt":"2024-08-20T13:46:19","guid":{"rendered":"https:\/\/www.altstudio.com.tr\/?page_id=7882"},"modified":"2024-09-18T14:26:08","modified_gmt":"2024-09-18T11:26:08","slug":"traverse-apartmani-2","status":"publish","type":"page","link":"https:\/\/www.altstudio.com.tr\/tr\/traverse-apartmani-2\/","title":{"rendered":"Traverse Apartman\u0131 &#8211; 2"},"content":{"rendered":"<div data-elementor-type=\"wp-post\" data-elementor-id=\"7882\" class=\"elementor elementor-7882\" data-elementor-settings=\"{&quot;ha_cmc_init_switcher&quot;:&quot;no&quot;}\">\n\t\t\t\t\t\t<section class=\"elementor-section elementor-top-section elementor-element elementor-element-bf93b72 elementor-section-full_width elementor-section-height-default elementor-section-height-default\" data-id=\"bf93b72\" data-element_type=\"section\" data-e-type=\"section\" data-settings=\"{&quot;_ha_eqh_enable&quot;:false}\">\n\t\t\t\t\t\t<div class=\"elementor-container elementor-column-gap-default\">\n\t\t\t\t\t<div class=\"elementor-column elementor-col-50 elementor-top-column elementor-element elementor-element-8f8d21c\" data-id=\"8f8d21c\" data-element_type=\"column\" data-e-type=\"column\">\n\t\t\t<div class=\"elementor-widget-wrap elementor-element-populated\">\n\t\t\t\t\t\t<div class=\"elementor-element elementor-element-89ef751 elementor-widget elementor-widget-image-box\" data-id=\"89ef751\" data-element_type=\"widget\" data-e-type=\"widget\" data-widget_type=\"image-box.default\">\n\t\t\t\t<div class=\"elementor-widget-container\">\n\t\t\t\t\t<div class=\"elementor-image-box-wrapper\"><div class=\"elementor-image-box-content\"><h3 class=\"elementor-image-box-title\">Traverse Apartman\u0131<\/h3><p class=\"elementor-image-box-description\">Konsept tasar\u0131m\u0131 yar\u0131\u015fma ile tamamlanan Traverse apartman\u0131 mod\u00fcler prefabrike daire bloklar\u0131 bir araya getirilerek olu\u015fturulmu\u015ftur. Zemin kat ticaret i\u00e7in ay\u0131r\u0131ld\u0131ktan sonra blo\u011fu yatay olarak vurgulayan iki normal kat ve hafiflik vurgusunu art\u0131rmay\u0131 ama\u00e7layan bir geri \u00e7ekilmeli kattan meydana gelir.<\/p><\/div><\/div>\t\t\t\t<\/div>\n\t\t\t\t<\/div>\n\t\t\t\t\t<\/div>\n\t\t<\/div>\n\t\t\t\t<div class=\"elementor-column elementor-col-50 elementor-top-column elementor-element elementor-element-0da9ffe\" data-id=\"0da9ffe\" data-element_type=\"column\" data-e-type=\"column\">\n\t\t\t<div class=\"elementor-widget-wrap elementor-element-populated\">\n\t\t\t\t\t\t<div class=\"elementor-element elementor-element-a7a8e56 elementor-widget elementor-widget-image-box\" data-id=\"a7a8e56\" data-element_type=\"widget\" data-e-type=\"widget\" data-widget_type=\"image-box.default\">\n\t\t\t\t<div class=\"elementor-widget-container\">\n\t\t\t\t\t<div class=\"elementor-image-box-wrapper\"><div class=\"elementor-image-box-content\"><h3 class=\"elementor-image-box-title\">Konut Projesi<\/h3><p class=\"elementor-image-box-description translation-block\"><b>\u0130\u015fveren: <\/b>Traverse City Inc.<br>\n\n<b>Yer: <\/b>Michigan - Grand Traverse<br>\n\n<b>Tarih: <\/b>2022<br>\n\n<b>Proje Durumu:<\/b> Projelendirme<\/p><\/div><\/div>\t\t\t\t<\/div>\n\t\t\t\t<\/div>\n\t\t\t\t\t<\/div>\n\t\t<\/div>\n\t\t\t\t\t<\/div>\n\t\t<\/section>\n\t\t\t\t<section class=\"elementor-section elementor-top-section elementor-element elementor-element-e67fb61 elementor-section-full_width elementor-section-height-default elementor-section-height-default\" data-id=\"e67fb61\" data-element_type=\"section\" data-e-type=\"section\" data-settings=\"{&quot;_ha_eqh_enable&quot;:false}\">\n\t\t\t\t\t\t<div class=\"elementor-container elementor-column-gap-no\">\n\t\t\t\t\t<div class=\"elementor-column elementor-col-33 elementor-top-column elementor-element elementor-element-71b9efb\" data-id=\"71b9efb\" data-element_type=\"column\" data-e-type=\"column\">\n\t\t\t<div class=\"elementor-widget-wrap elementor-element-populated\">\n\t\t\t\t\t\t<div class=\"elementor-element elementor-element-5e8d2c1 elementor-widget elementor-widget-image-carousel\" data-id=\"5e8d2c1\" data-element_type=\"widget\" data-e-type=\"widget\" data-settings=\"{&quot;slides_to_show&quot;:&quot;1&quot;,&quot;navigation&quot;:&quot;none&quot;,&quot;autoplay&quot;:&quot;yes&quot;,&quot;pause_on_interaction&quot;:&quot;yes&quot;,&quot;autoplay_speed&quot;:5000,&quot;infinite&quot;:&quot;yes&quot;,&quot;effect&quot;:&quot;slide&quot;,&quot;speed&quot;:500}\" data-widget_type=\"image-carousel.default\">\n\t\t\t\t<div class=\"elementor-widget-container\">\n\t\t\t\t\t\t\t<div class=\"elementor-image-carousel-wrapper swiper\" role=\"region\" aria-roledescription=\"carousel\" aria-label=\"Resim D\u00f6ng\u00fcs\u00fc\" dir=\"ltr\">\n\t\t\t<div class=\"elementor-image-carousel swiper-wrapper\" aria-live=\"off\">\n\t\t\t\t\t\t\t\t<div class=\"swiper-slide\" role=\"group\" aria-roledescription=\"slide\" aria-label=\"1 \/ 6\" data-no-translation-aria-label=\"\"><figure class=\"swiper-slide-inner\"><img decoding=\"async\" class=\"swiper-slide-image\" src=\"https:\/\/www.altstudio.com.tr\/wp-content\/uploads\/2024\/08\/d-1-2.jpg\" alt=\"d-1\" \/><\/figure><\/div><div class=\"swiper-slide\" role=\"group\" aria-roledescription=\"slide\" aria-label=\"2 \/ 6\" data-no-translation-aria-label=\"\"><figure class=\"swiper-slide-inner\"><img decoding=\"async\" class=\"swiper-slide-image\" src=\"https:\/\/www.altstudio.com.tr\/wp-content\/uploads\/2024\/08\/d-2-2.jpg\" alt=\"d-2\" \/><\/figure><\/div><div class=\"swiper-slide\" role=\"group\" aria-roledescription=\"slide\" aria-label=\"3 \/ 6\" data-no-translation-aria-label=\"\"><figure class=\"swiper-slide-inner\"><img decoding=\"async\" class=\"swiper-slide-image\" src=\"https:\/\/www.altstudio.com.tr\/wp-content\/uploads\/2024\/08\/d-3-2.jpg\" alt=\"d-3\" \/><\/figure><\/div><div class=\"swiper-slide\" role=\"group\" aria-roledescription=\"slide\" aria-label=\"4 \/ 6\" data-no-translation-aria-label=\"\"><figure class=\"swiper-slide-inner\"><img decoding=\"async\" class=\"swiper-slide-image\" src=\"https:\/\/www.altstudio.com.tr\/wp-content\/uploads\/2024\/08\/d-4-2.jpg\" alt=\"d-4\" \/><\/figure><\/div><div class=\"swiper-slide\" role=\"group\" aria-roledescription=\"slide\" aria-label=\"5 \/ 6\" data-no-translation-aria-label=\"\"><figure class=\"swiper-slide-inner\"><img decoding=\"async\" class=\"swiper-slide-image\" src=\"https:\/\/www.altstudio.com.tr\/wp-content\/uploads\/2024\/08\/d-5-2.jpg\" alt=\"d-5\" \/><\/figure><\/div><div class=\"swiper-slide\" role=\"group\" aria-roledescription=\"slide\" aria-label=\"6 \/ 6\" data-no-translation-aria-label=\"\"><figure class=\"swiper-slide-inner\"><img decoding=\"async\" class=\"swiper-slide-image\" src=\"https:\/\/www.altstudio.com.tr\/wp-content\/uploads\/2024\/08\/d-6-2.jpg\" alt=\"d-6\" \/><\/figure><\/div>\t\t\t<\/div>\n\t\t\t\t\t\t\t\n\t\t\t\t\t\t\t\t\t<\/div>\n\t\t\t\t\t\t<\/div>\n\t\t\t\t<\/div>\n\t\t\t\t<div class=\"elementor-element elementor-element-c5e96f1 elementor-widget elementor-widget-image\" data-id=\"c5e96f1\" data-element_type=\"widget\" data-e-type=\"widget\" data-widget_type=\"image.default\">\n\t\t\t\t<div class=\"elementor-widget-container\">\n\t\t\t\t\t\t\t\t\t\t\t\t\t\t\t<img fetchpriority=\"high\" decoding=\"async\" width=\"960\" height=\"540\" src=\"https:\/\/www.altstudio.com.tr\/wp-content\/uploads\/2024\/08\/1_9-Photo-k.jpg\" class=\"attachment-full size-full wp-image-7888\" alt=\"\" srcset=\"https:\/\/www.altstudio.com.tr\/wp-content\/uploads\/2024\/08\/1_9-Photo-k.jpg 960w, https:\/\/www.altstudio.com.tr\/wp-content\/uploads\/2024\/08\/1_9-Photo-k-300x169.jpg 300w, https:\/\/www.altstudio.com.tr\/wp-content\/uploads\/2024\/08\/1_9-Photo-k-768x432.jpg 768w, https:\/\/www.altstudio.com.tr\/wp-content\/uploads\/2024\/08\/1_9-Photo-k-18x10.jpg 18w\" sizes=\"(max-width: 960px) 100vw, 960px\" \/>\t\t\t\t\t\t\t\t\t\t\t\t\t\t\t<\/div>\n\t\t\t\t<\/div>\n\t\t\t\t\t<\/div>\n\t\t<\/div>\n\t\t\t\t<div class=\"elementor-column elementor-col-66 elementor-top-column elementor-element elementor-element-1f66c6b\" data-id=\"1f66c6b\" data-element_type=\"column\" data-e-type=\"column\">\n\t\t\t<div class=\"elementor-widget-wrap elementor-element-populated\">\n\t\t\t\t\t\t<div class=\"elementor-element elementor-element-0baf751 elementor-widget elementor-widget-image-carousel\" data-id=\"0baf751\" data-element_type=\"widget\" data-e-type=\"widget\" data-settings=\"{&quot;slides_to_show&quot;:&quot;1&quot;,&quot;navigation&quot;:&quot;none&quot;,&quot;autoplay&quot;:&quot;yes&quot;,&quot;pause_on_interaction&quot;:&quot;yes&quot;,&quot;autoplay_speed&quot;:5000,&quot;infinite&quot;:&quot;yes&quot;,&quot;effect&quot;:&quot;slide&quot;,&quot;speed&quot;:500}\" data-widget_type=\"image-carousel.default\">\n\t\t\t\t<div class=\"elementor-widget-container\">\n\t\t\t\t\t\t\t<div class=\"elementor-image-carousel-wrapper swiper\" role=\"region\" aria-roledescription=\"carousel\" aria-label=\"Resim D\u00f6ng\u00fcs\u00fc\" dir=\"ltr\">\n\t\t\t<div class=\"elementor-image-carousel swiper-wrapper\" aria-live=\"off\">\n\t\t\t\t\t\t\t\t<div class=\"swiper-slide\" role=\"group\" aria-roledescription=\"slide\" aria-label=\"1 \/ 5\" data-no-translation-aria-label=\"\"><figure class=\"swiper-slide-inner\"><img decoding=\"async\" class=\"swiper-slide-image\" src=\"https:\/\/www.altstudio.com.tr\/wp-content\/uploads\/2024\/08\/1_1-Photo-1.jpg\" alt=\"1_1 - Photo (1)\" \/><\/figure><\/div><div class=\"swiper-slide\" role=\"group\" aria-roledescription=\"slide\" aria-label=\"2 \/ 5\" data-no-translation-aria-label=\"\"><figure class=\"swiper-slide-inner\"><img decoding=\"async\" class=\"swiper-slide-image\" src=\"https:\/\/www.altstudio.com.tr\/wp-content\/uploads\/2024\/08\/1_2-Photo-1.jpg\" alt=\"1_2 - Photo (1)\" \/><\/figure><\/div><div class=\"swiper-slide\" role=\"group\" aria-roledescription=\"slide\" aria-label=\"3 \/ 5\" data-no-translation-aria-label=\"\"><figure class=\"swiper-slide-inner\"><img decoding=\"async\" class=\"swiper-slide-image\" src=\"https:\/\/www.altstudio.com.tr\/wp-content\/uploads\/2024\/08\/1_5-Photo.jpg\" alt=\"1_5 - Photo\" \/><\/figure><\/div><div class=\"swiper-slide\" role=\"group\" aria-roledescription=\"slide\" aria-label=\"4 \/ 5\" data-no-translation-aria-label=\"\"><figure class=\"swiper-slide-inner\"><img decoding=\"async\" class=\"swiper-slide-image\" src=\"https:\/\/www.altstudio.com.tr\/wp-content\/uploads\/2024\/08\/1_8-Photo.jpg\" alt=\"1_8 - Photo\" \/><\/figure><\/div><div class=\"swiper-slide\" role=\"group\" aria-roledescription=\"slide\" aria-label=\"5 \/ 5\" data-no-translation-aria-label=\"\"><figure class=\"swiper-slide-inner\"><img decoding=\"async\" class=\"swiper-slide-image\" src=\"https:\/\/www.altstudio.com.tr\/wp-content\/uploads\/2024\/08\/3_22-Foto-1.jpg\" alt=\"3_22 - Foto (1)\" \/><\/figure><\/div>\t\t\t<\/div>\n\t\t\t\t\t\t\t\n\t\t\t\t\t\t\t\t\t<\/div>\n\t\t\t\t\t\t<\/div>\n\t\t\t\t<\/div>\n\t\t\t\t<div class=\"elementor-element elementor-element-bc801d4 elementor-widget elementor-widget-image-carousel\" data-id=\"bc801d4\" data-element_type=\"widget\" data-e-type=\"widget\" data-settings=\"{&quot;slides_to_show&quot;:&quot;1&quot;,&quot;navigation&quot;:&quot;none&quot;,&quot;autoplay&quot;:&quot;yes&quot;,&quot;pause_on_interaction&quot;:&quot;yes&quot;,&quot;autoplay_speed&quot;:5000,&quot;infinite&quot;:&quot;yes&quot;,&quot;effect&quot;:&quot;slide&quot;,&quot;speed&quot;:500}\" data-widget_type=\"image-carousel.default\">\n\t\t\t\t<div class=\"elementor-widget-container\">\n\t\t\t\t\t\t\t<div class=\"elementor-image-carousel-wrapper swiper\" role=\"region\" aria-roledescription=\"carousel\" aria-label=\"Resim D\u00f6ng\u00fcs\u00fc\" dir=\"ltr\">\n\t\t\t<div class=\"elementor-image-carousel swiper-wrapper\" aria-live=\"off\">\n\t\t\t\t\t\t\t\t<div class=\"swiper-slide\" role=\"group\" aria-roledescription=\"slide\" aria-label=\"1 \/ 5\" data-no-translation-aria-label=\"\"><figure class=\"swiper-slide-inner\"><img decoding=\"async\" class=\"swiper-slide-image\" src=\"https:\/\/www.altstudio.com.tr\/wp-content\/uploads\/2024\/08\/2_18-Photo-1.jpg\" alt=\"2_18 - Photo (1)\" \/><\/figure><\/div><div class=\"swiper-slide\" role=\"group\" aria-roledescription=\"slide\" aria-label=\"2 \/ 5\" data-no-translation-aria-label=\"\"><figure class=\"swiper-slide-inner\"><img decoding=\"async\" class=\"swiper-slide-image\" src=\"https:\/\/www.altstudio.com.tr\/wp-content\/uploads\/2024\/08\/2_17-Photo.jpg\" alt=\"2_17 - Photo\" \/><\/figure><\/div><div class=\"swiper-slide\" role=\"group\" aria-roledescription=\"slide\" aria-label=\"3 \/ 5\" data-no-translation-aria-label=\"\"><figure class=\"swiper-slide-inner\"><img decoding=\"async\" class=\"swiper-slide-image\" src=\"https:\/\/www.altstudio.com.tr\/wp-content\/uploads\/2024\/08\/2_16-Photo.jpg\" alt=\"2_16 - Photo\" \/><\/figure><\/div><div class=\"swiper-slide\" role=\"group\" aria-roledescription=\"slide\" aria-label=\"4 \/ 5\" data-no-translation-aria-label=\"\"><figure class=\"swiper-slide-inner\"><img decoding=\"async\" class=\"swiper-slide-image\" src=\"https:\/\/www.altstudio.com.tr\/wp-content\/uploads\/2024\/08\/2_13-Photo.jpg\" alt=\"2_13 - Photo\" \/><\/figure><\/div><div class=\"swiper-slide\" role=\"group\" aria-roledescription=\"slide\" aria-label=\"5 \/ 5\" data-no-translation-aria-label=\"\"><figure class=\"swiper-slide-inner\"><img decoding=\"async\" class=\"swiper-slide-image\" src=\"https:\/\/www.altstudio.com.tr\/wp-content\/uploads\/2024\/08\/2_11-Photo-1.jpg\" alt=\"2_11 - Photo (1)\" \/><\/figure><\/div>\t\t\t<\/div>\n\t\t\t\t\t\t\t\n\t\t\t\t\t\t\t\t\t<\/div>\n\t\t\t\t\t\t<\/div>\n\t\t\t\t<\/div>\n\t\t\t\t\t<\/div>\n\t\t<\/div>\n\t\t\t\t\t<\/div>\n\t\t<\/section>\n\t\t\t\t<\/div>","protected":false},"excerpt":{"rendered":"<p>Traverse Residence The Traverse Residence, whose concept design was completed in a competition, was created by combining modular prefabricated apartment blocks. After the ground floor is reserved for commerce, it consists of two normal floors that emphasize the block horizontally and a retreating floor that aims to increase the emphasis on lightness. Residential Project Client: [&hellip;]<\/p>\n","protected":false},"author":1,"featured_media":0,"parent":0,"menu_order":0,"comment_status":"closed","ping_status":"closed","template":"elementor_header_footer","meta":{"site-sidebar-layout":"no-sidebar","site-content-layout":"page-builder","ast-site-content-layout":"full-width-container","site-content-style":"unboxed","site-sidebar-style":"unboxed","ast-global-header-display":"","ast-banner-title-visibility":"","ast-main-header-display":"","ast-hfb-above-header-display":"","ast-hfb-below-header-display":"","ast-hfb-mobile-header-display":"","site-post-title":"disabled","ast-breadcrumbs-content":"","ast-featured-img":"disabled","footer-sml-layout":"","ast-disable-related-posts":"","theme-transparent-header-meta":"enabled","adv-header-id-meta":"","stick-header-meta":"","header-above-stick-meta":"","header-main-stick-meta":"","header-below-stick-meta":"","astra-migrate-meta-layouts":"set","ast-page-background-enabled":"default","ast-page-background-meta":{"desktop":{"background-color":"","background-image":"","background-repeat":"repeat","background-position":"center center","background-size":"auto","background-attachment":"scroll","background-type":"","background-media":"","overlay-type":"","overlay-color":"","overlay-opacity":"","overlay-gradient":""},"tablet":{"background-color":"","background-image":"","background-repeat":"repeat","background-position":"center center","background-size":"auto","background-attachment":"scroll","background-type":"","background-media":"","overlay-type":"","overlay-color":"","overlay-opacity":"","overlay-gradient":""},"mobile":{"background-color":"","background-image":"","background-repeat":"repeat","background-position":"center center","background-size":"auto","background-attachment":"scroll","background-type":"","background-media":"","overlay-type":"","overlay-color":"","overlay-opacity":"","overlay-gradient":""}},"ast-content-background-meta":{"desktop":{"background-color":"var(--ast-global-color-5)","background-image":"","background-repeat":"repeat","background-position":"center center","background-size":"auto","background-attachment":"scroll","background-type":"","background-media":"","overlay-type":"","overlay-color":"","overlay-opacity":"","overlay-gradient":""},"tablet":{"background-color":"var(--ast-global-color-5)","background-image":"","background-repeat":"repeat","background-position":"center center","background-size":"auto","background-attachment":"scroll","background-type":"","background-media":"","overlay-type":"","overlay-color":"","overlay-opacity":"","overlay-gradient":""},"mobile":{"background-color":"var(--ast-global-color-5)","background-image":"","background-repeat":"repeat","background-position":"center center","background-size":"auto","background-attachment":"scroll","background-type":"","background-media":"","overlay-type":"","overlay-color":"","overlay-opacity":"","overlay-gradient":""}},"footnotes":""},"class_list":["post-7882","page","type-page","status-publish","hentry"],"yoast_head":"<!-- This site is optimized with the Yoast SEO plugin v27.3 - https:\/\/yoast.com\/product\/yoast-seo-wordpress\/ -->\n<title>Traverse Apartman\u0131 - 2 - Altstudio<\/title>\n<meta name=\"description\" content=\"Traverse Apartman\u0131- 2 - Konsept tasar\u0131m\u0131 yar\u0131\u015fma ile tamamlanan proje mod\u00fcler prefabrike daire bloklar\u0131 bir araya getirilerek olu\u015fturulmu\u015ftur.\" \/>\n<meta name=\"robots\" content=\"index, follow, max-snippet:-1, max-image-preview:large, max-video-preview:-1\" \/>\n<link rel=\"canonical\" href=\"https:\/\/www.altstudio.com.tr\/tr\/traverse-apartmani-2\/\" \/>\n<meta property=\"og:locale\" content=\"tr_TR\" \/>\n<meta property=\"og:type\" content=\"article\" \/>\n<meta property=\"og:title\" content=\"Traverse Apartman\u0131 - 2 - Altstudio\" \/>\n<meta property=\"og:description\" content=\"Traverse Apartman\u0131- 2 - Konsept tasar\u0131m\u0131 yar\u0131\u015fma ile tamamlanan proje mod\u00fcler prefabrike daire bloklar\u0131 bir araya getirilerek olu\u015fturulmu\u015ftur.\" \/>\n<meta property=\"og:url\" content=\"https:\/\/www.altstudio.com.tr\/tr\/traverse-apartmani-2\/\" \/>\n<meta property=\"og:site_name\" content=\"Altstudio\" \/>\n<meta property=\"article:modified_time\" content=\"2024-09-18T11:26:08+00:00\" \/>\n<meta property=\"og:image\" content=\"https:\/\/www.altstudio.com.tr\/wp-content\/uploads\/2024\/08\/d-1-2.jpg\" \/>\n<meta name=\"twitter:card\" content=\"summary_large_image\" \/>\n<meta name=\"twitter:label1\" content=\"Tahmini okuma s\u00fcresi\" \/>\n\t<meta name=\"twitter:data1\" content=\"5 dakika\" \/>\n<script type=\"application\/ld+json\" class=\"yoast-schema-graph\">{\"@context\":\"https:\\\/\\\/schema.org\",\"@graph\":[{\"@type\":\"WebPage\",\"@id\":\"https:\\\/\\\/www.altstudio.com.tr\\\/traverse-apartmani-2\\\/\",\"url\":\"https:\\\/\\\/www.altstudio.com.tr\\\/traverse-apartmani-2\\\/\",\"name\":\"Traverse Apartman\u0131 - 2 - Altstudio\",\"isPartOf\":{\"@id\":\"https:\\\/\\\/www.altstudio.com.tr\\\/#website\"},\"primaryImageOfPage\":{\"@id\":\"https:\\\/\\\/www.altstudio.com.tr\\\/traverse-apartmani-2\\\/#primaryimage\"},\"image\":{\"@id\":\"https:\\\/\\\/www.altstudio.com.tr\\\/traverse-apartmani-2\\\/#primaryimage\"},\"thumbnailUrl\":\"https:\\\/\\\/www.altstudio.com.tr\\\/wp-content\\\/uploads\\\/2024\\\/08\\\/d-1-2.jpg\",\"datePublished\":\"2024-08-20T13:46:19+00:00\",\"dateModified\":\"2024-09-18T11:26:08+00:00\",\"description\":\"Traverse Apartman\u0131- 2 - Konsept tasar\u0131m\u0131 yar\u0131\u015fma ile tamamlanan proje mod\u00fcler prefabrike daire bloklar\u0131 bir araya getirilerek olu\u015fturulmu\u015ftur.\",\"breadcrumb\":{\"@id\":\"https:\\\/\\\/www.altstudio.com.tr\\\/traverse-apartmani-2\\\/#breadcrumb\"},\"inLanguage\":\"tr\",\"potentialAction\":[{\"@type\":\"ReadAction\",\"target\":[\"https:\\\/\\\/www.altstudio.com.tr\\\/traverse-apartmani-2\\\/\"]}]},{\"@type\":\"ImageObject\",\"inLanguage\":\"tr\",\"@id\":\"https:\\\/\\\/www.altstudio.com.tr\\\/traverse-apartmani-2\\\/#primaryimage\",\"url\":\"https:\\\/\\\/www.altstudio.com.tr\\\/wp-content\\\/uploads\\\/2024\\\/08\\\/d-1-2.jpg\",\"contentUrl\":\"https:\\\/\\\/www.altstudio.com.tr\\\/wp-content\\\/uploads\\\/2024\\\/08\\\/d-1-2.jpg\"},{\"@type\":\"BreadcrumbList\",\"@id\":\"https:\\\/\\\/www.altstudio.com.tr\\\/traverse-apartmani-2\\\/#breadcrumb\",\"itemListElement\":[{\"@type\":\"ListItem\",\"position\":1,\"name\":\"Home\",\"item\":\"https:\\\/\\\/www.altstudio.com.tr\\\/\"},{\"@type\":\"ListItem\",\"position\":2,\"name\":\"Traverse Apartman\u0131 &#8211; 2\"}]},{\"@type\":\"WebSite\",\"@id\":\"https:\\\/\\\/www.altstudio.com.tr\\\/#website\",\"url\":\"https:\\\/\\\/www.altstudio.com.tr\\\/\",\"name\":\"Altstudio\",\"description\":\"works.thinks.creates.architecture\",\"publisher\":{\"@id\":\"https:\\\/\\\/www.altstudio.com.tr\\\/#organization\"},\"potentialAction\":[{\"@type\":\"SearchAction\",\"target\":{\"@type\":\"EntryPoint\",\"urlTemplate\":\"https:\\\/\\\/www.altstudio.com.tr\\\/?s={search_term_string}\"},\"query-input\":{\"@type\":\"PropertyValueSpecification\",\"valueRequired\":true,\"valueName\":\"search_term_string\"}}],\"inLanguage\":\"tr\"},{\"@type\":\"Organization\",\"@id\":\"https:\\\/\\\/www.altstudio.com.tr\\\/#organization\",\"name\":\"Alt studio\",\"url\":\"https:\\\/\\\/www.altstudio.com.tr\\\/\",\"logo\":{\"@type\":\"ImageObject\",\"inLanguage\":\"tr\",\"@id\":\"https:\\\/\\\/www.altstudio.com.tr\\\/#\\\/schema\\\/logo\\\/image\\\/\",\"url\":\"https:\\\/\\\/www.altstudio.com.tr\\\/wp-content\\\/uploads\\\/2024\\\/04\\\/LOGO.jpg\",\"contentUrl\":\"https:\\\/\\\/www.altstudio.com.tr\\\/wp-content\\\/uploads\\\/2024\\\/04\\\/LOGO.jpg\",\"width\":1330,\"height\":384,\"caption\":\"Alt studio\"},\"image\":{\"@id\":\"https:\\\/\\\/www.altstudio.com.tr\\\/#\\\/schema\\\/logo\\\/image\\\/\"},\"sameAs\":[\"https:\\\/\\\/www.instagram.com\\\/thealtstudio\\\/\"]}]}<\/script>\n<!-- \/ Yoast SEO plugin. -->","yoast_head_json":{"title":"Traverse Apartman\u0131 - 2 - Altstudio","description":"Traverse Apartman\u0131- 2 - Konsept tasar\u0131m\u0131 yar\u0131\u015fma ile tamamlanan proje mod\u00fcler prefabrike daire bloklar\u0131 bir araya getirilerek olu\u015fturulmu\u015ftur.","robots":{"index":"index","follow":"follow","max-snippet":"max-snippet:-1","max-image-preview":"max-image-preview:large","max-video-preview":"max-video-preview:-1"},"canonical":"https:\/\/www.altstudio.com.tr\/tr\/traverse-apartmani-2\/","og_locale":"tr_TR","og_type":"article","og_title":"Traverse Apartman\u0131 - 2 - Altstudio","og_description":"Traverse Apartman\u0131- 2 - Konsept tasar\u0131m\u0131 yar\u0131\u015fma ile tamamlanan proje mod\u00fcler prefabrike daire bloklar\u0131 bir araya getirilerek olu\u015fturulmu\u015ftur.","og_url":"https:\/\/www.altstudio.com.tr\/tr\/traverse-apartmani-2\/","og_site_name":"Altstudio","article_modified_time":"2024-09-18T11:26:08+00:00","og_image":[{"url":"https:\/\/www.altstudio.com.tr\/wp-content\/uploads\/2024\/08\/d-1-2.jpg","type":"","width":"","height":""}],"twitter_card":"summary_large_image","twitter_misc":{"Tahmini okuma s\u00fcresi":"5 dakika"},"schema":{"@context":"https:\/\/schema.org","@graph":[{"@type":"WebPage","@id":"https:\/\/www.altstudio.com.tr\/traverse-apartmani-2\/","url":"https:\/\/www.altstudio.com.tr\/traverse-apartmani-2\/","name":"Traverse Apartman\u0131 - 2 - Altstudio","isPartOf":{"@id":"https:\/\/www.altstudio.com.tr\/#website"},"primaryImageOfPage":{"@id":"https:\/\/www.altstudio.com.tr\/traverse-apartmani-2\/#primaryimage"},"image":{"@id":"https:\/\/www.altstudio.com.tr\/traverse-apartmani-2\/#primaryimage"},"thumbnailUrl":"https:\/\/www.altstudio.com.tr\/wp-content\/uploads\/2024\/08\/d-1-2.jpg","datePublished":"2024-08-20T13:46:19+00:00","dateModified":"2024-09-18T11:26:08+00:00","description":"Traverse Apartman\u0131- 2 - Konsept tasar\u0131m\u0131 yar\u0131\u015fma ile tamamlanan proje mod\u00fcler prefabrike daire bloklar\u0131 bir araya getirilerek olu\u015fturulmu\u015ftur.","breadcrumb":{"@id":"https:\/\/www.altstudio.com.tr\/traverse-apartmani-2\/#breadcrumb"},"inLanguage":"tr","potentialAction":[{"@type":"ReadAction","target":["https:\/\/www.altstudio.com.tr\/traverse-apartmani-2\/"]}]},{"@type":"ImageObject","inLanguage":"tr","@id":"https:\/\/www.altstudio.com.tr\/traverse-apartmani-2\/#primaryimage","url":"https:\/\/www.altstudio.com.tr\/wp-content\/uploads\/2024\/08\/d-1-2.jpg","contentUrl":"https:\/\/www.altstudio.com.tr\/wp-content\/uploads\/2024\/08\/d-1-2.jpg"},{"@type":"BreadcrumbList","@id":"https:\/\/www.altstudio.com.tr\/traverse-apartmani-2\/#breadcrumb","itemListElement":[{"@type":"ListItem","position":1,"name":"Home","item":"https:\/\/www.altstudio.com.tr\/"},{"@type":"ListItem","position":2,"name":"Traverse Apartman\u0131 &#8211; 2"}]},{"@type":"WebSite","@id":"https:\/\/www.altstudio.com.tr\/#website","url":"https:\/\/www.altstudio.com.tr\/","name":"Altstudio","description":"works.thinks.creates.architecture","publisher":{"@id":"https:\/\/www.altstudio.com.tr\/#organization"},"potentialAction":[{"@type":"SearchAction","target":{"@type":"EntryPoint","urlTemplate":"https:\/\/www.altstudio.com.tr\/?s={search_term_string}"},"query-input":{"@type":"PropertyValueSpecification","valueRequired":true,"valueName":"search_term_string"}}],"inLanguage":"tr"},{"@type":"Organization","@id":"https:\/\/www.altstudio.com.tr\/#organization","name":"Alt studio","url":"https:\/\/www.altstudio.com.tr\/","logo":{"@type":"ImageObject","inLanguage":"tr","@id":"https:\/\/www.altstudio.com.tr\/#\/schema\/logo\/image\/","url":"https:\/\/www.altstudio.com.tr\/wp-content\/uploads\/2024\/04\/LOGO.jpg","contentUrl":"https:\/\/www.altstudio.com.tr\/wp-content\/uploads\/2024\/04\/LOGO.jpg","width":1330,"height":384,"caption":"Alt studio"},"image":{"@id":"https:\/\/www.altstudio.com.tr\/#\/schema\/logo\/image\/"},"sameAs":["https:\/\/www.instagram.com\/thealtstudio\/"]}]}},"_links":{"self":[{"href":"https:\/\/www.altstudio.com.tr\/tr\/wp-json\/wp\/v2\/pages\/7882","targetHints":{"allow":["GET"]}}],"collection":[{"href":"https:\/\/www.altstudio.com.tr\/tr\/wp-json\/wp\/v2\/pages"}],"about":[{"href":"https:\/\/www.altstudio.com.tr\/tr\/wp-json\/wp\/v2\/types\/page"}],"author":[{"embeddable":true,"href":"https:\/\/www.altstudio.com.tr\/tr\/wp-json\/wp\/v2\/users\/1"}],"replies":[{"embeddable":true,"href":"https:\/\/www.altstudio.com.tr\/tr\/wp-json\/wp\/v2\/comments?post=7882"}],"version-history":[{"count":10,"href":"https:\/\/www.altstudio.com.tr\/tr\/wp-json\/wp\/v2\/pages\/7882\/revisions"}],"predecessor-version":[{"id":8243,"href":"https:\/\/www.altstudio.com.tr\/tr\/wp-json\/wp\/v2\/pages\/7882\/revisions\/8243"}],"wp:attachment":[{"href":"https:\/\/www.altstudio.com.tr\/tr\/wp-json\/wp\/v2\/media?parent=7882"}],"curies":[{"name":"wp","href":"https:\/\/api.w.org\/{rel}","templated":true}]}}